{"id":113,"date":"2022-11-29T22:55:24","date_gmt":"2022-11-29T22:55:24","guid":{"rendered":"https:\/\/www.wattsrising.org\/?page_id=113"},"modified":"2023-02-17T10:23:48","modified_gmt":"2023-02-17T10:23:48","slug":"in-the-media","status":"publish","type":"page","link":"https:\/\/www.wattsrising.org\/es\/in-the-media\/","title":{"rendered":"En los medios"},"content":{"rendered":"<p>\u00a1Watts Rising est\u00e1 en el mapa! <br>Nuestros devotos socios han recibido una amplia y merecida atenci\u00f3n de los medios, destacando el incre\u00edble trabajo que est\u00e1n haciendo en la comunidad Watts.<\/p>","protected":false},"excerpt":{"rendered":"<p>\u00a1Watts Rising est\u00e1 en el mapa! Nuestros devotos socios han recibido una amplia y merecida atenci\u00f3n de los medios...<\/p>","protected":false},"author":2,"featured_media":114,"parent":0,"menu_order":0,"comment_status":"closed","ping_status":"closed","template":"templates\/in-the-media.php","meta":{"_acf_changed":false,"footnotes":""},"class_list":["post-113","page","type-page","status-publish","has-post-thumbnail","hentry"],"acf":[],"jetpack_sharing_enabled":true,"_links":{"self":[{"href":"https:\/\/www.wattsrising.org\/es\/wp-json\/wp\/v2\/pages\/113","targetHints":{"allow":["GET"]}}],"collection":[{"href":"https:\/\/www.wattsrising.org\/es\/wp-json\/wp\/v2\/pages"}],"about":[{"href":"https:\/\/www.wattsrising.org\/es\/wp-json\/wp\/v2\/types\/page"}],"author":[{"embeddable":true,"href":"https:\/\/www.wattsrising.org\/es\/wp-json\/wp\/v2\/users\/2"}],"replies":[{"embeddable":true,"href":"https:\/\/www.wattsrising.org\/es\/wp-json\/wp\/v2\/comments?post=113"}],"version-history":[{"count":0,"href":"https:\/\/www.wattsrising.org\/es\/wp-json\/wp\/v2\/pages\/113\/revisions"}],"wp:featuredmedia":[{"embeddable":true,"href":"https:\/\/www.wattsrising.org\/es\/wp-json\/wp\/v2\/media\/114"}],"wp:attachment":[{"href":"https:\/\/www.wattsrising.org\/es\/wp-json\/wp\/v2\/media?parent=113"}],"curies":[{"name":"gracias","href":"https:\/\/api.w.org\/{rel}","templated":true}]}}