{"id":3,"date":"2022-10-21T18:53:36","date_gmt":"2022-10-21T18:53:36","guid":{"rendered":"https:\/\/www.wattsrising.org\/?page_id=3"},"modified":"2023-12-20T17:38:49","modified_gmt":"2023-12-20T17:38:49","slug":"privacy-policy","status":"publish","type":"page","link":"https:\/\/www.wattsrising.org\/es\/privacy-policy\/","title":{"rendered":"pol\u00edtica de privacidad"},"content":{"rendered":"<div data-elementor-type=\"wp-page\" data-elementor-id=\"3\" class=\"elementor elementor-3\">\n\t\t\t\t\t\t<section class=\"elementor-section elementor-top-section elementor-element elementor-element-439eff6f elementor-section-boxed elementor-section-height-default elementor-section-height-default\" data-id=\"439eff6f\" data-element_type=\"section\">\n\t\t\t\t\t\t<div class=\"elementor-container elementor-column-gap-default\">\n\t\t\t\t\t<div class=\"elementor-column elementor-col-100 elementor-top-column elementor-element elementor-element-21ea137d\" data-id=\"21ea137d\" data-element_type=\"column\">\n\t\t\t<div class=\"elementor-widget-wrap elementor-element-populated\">\n\t\t\t\t\t\t<div class=\"elementor-element elementor-element-593072b1 elementor-widget elementor-widget-text-editor\" data-id=\"593072b1\" data-element_type=\"widget\" data-widget_type=\"text-editor.default\">\n\t\t\t\t<div class=\"elementor-widget-container\">\n\t\t\t\t\t\t\t\t\t<h1><b>pol\u00edtica de privacidad<\/b><\/h1>\n<p><span style=\"font-weight: 400;\">\u00daltima actualizaci\u00f3n: 22 de diciembre de 2022<\/span><\/p>\n<p><span style=\"font-weight: 400;\">Esta Pol\u00edtica de Privacidad describe Nuestras pol\u00edticas y procedimientos sobre la recopilaci\u00f3n, uso y divulgaci\u00f3n de Su informaci\u00f3n cuando utiliza el Servicio y le informa sobre Sus derechos de privacidad y c\u00f3mo la ley lo protege.<\/span><\/p>\n<p><span style=\"font-weight: 400;\">Utilizamos sus datos personales para proporcionar y mejorar el Servicio. Al utilizar el Servicio, usted acepta la recopilaci\u00f3n y el uso de informaci\u00f3n de acuerdo con esta Pol\u00edtica de Privacidad. Esta Pol\u00edtica de Privacidad ha sido creada con la ayuda del<\/span><a href=\"https:\/\/www.termsfeed.com\/privacy-policy-generator\/\"> <span style=\"font-weight: 400;\">Generador de pol\u00edticas de privacidad de TermsFeed<\/span><\/a><span style=\"font-weight: 400;\">.<\/span><\/p>\n<h2><b>I.<\/b><span style=\"font-weight: 400;\"> \u00a0 \u00a0 \u00a0 \u00a0 \u00a0 <\/span> <b>Definiciones<\/b><\/h2>\n<p><span style=\"font-weight: 400;\">Para los efectos de esta Pol\u00edtica de Privacidad:<\/span><\/p>\n<p><b>Cuenta<\/b><span style=\"font-weight: 400;\"> significa una cuenta \u00fanica creada para que Usted pueda acceder a nuestro Servicio o partes de nuestro Servicio.<\/span><\/p>\n<p><b>Compa\u00f1\u00eda<\/b><span style=\"font-weight: 400;\"> (denominada \u201cla Compa\u00f1\u00eda\u201d, \u201cNosotros\u201d, \u201cNos\u201d o \u201cNuestro\u201d en este Acuerdo) se refiere a HACLA ubicada en 2600 Wilshire Blvd.<\/span><\/p>\n<p><b>Galletas<\/b><span style=\"font-weight: 400;\"> son peque\u00f1os archivos que un sitio web coloca en su computadora, dispositivo m\u00f3vil o cualquier otro dispositivo y que contienen los detalles de su historial de navegaci\u00f3n en ese sitio web, entre sus muchos usos.<\/span><\/p>\n<p><b>Pa\u00eds<\/b><span style=\"font-weight: 400;\"> se refiere a: California, Estados Unidos<\/span><\/p>\n<p><b>Dispositivo<\/b><span style=\"font-weight: 400;\"> significa cualquier dispositivo que pueda acceder al Servicio, como una computadora, un tel\u00e9fono celular o una tableta digital.<\/span><\/p>\n<p><b>Informaci\u00f3n personal<\/b><span style=\"font-weight: 400;\"> es cualquier informaci\u00f3n que se relaciona con un individuo identificado o identificable.<\/span><\/p>\n<p><b>Servicio<\/b><span style=\"font-weight: 400;\"> se refiere al sitio web.<\/span><\/p>\n<p><b>Proveedor de servicio<\/b><span style=\"font-weight: 400;\"> significa cualquier persona f\u00edsica o jur\u00eddica que procese los datos por cuenta de la Empresa. Se refiere a empresas de terceros o personas empleadas por la Compa\u00f1\u00eda para facilitar el Servicio, proporcionar el Servicio en nombre de la Compa\u00f1\u00eda, realizar servicios relacionados con el Servicio o ayudar a la Compa\u00f1\u00eda a analizar c\u00f3mo se utiliza el Servicio.<\/span><\/p>\n<p><b>Datos de uso<\/b><span style=\"font-weight: 400;\"> se refiere a datos recopilados autom\u00e1ticamente, ya sea generados por el uso del Servicio o por la propia infraestructura del Servicio (por ejemplo, la duraci\u00f3n de una visita a una p\u00e1gina).<\/span><\/p>\n<p><b>Sitio web<\/b><span style=\"font-weight: 400;\"> se refiere a Watts Rising Tree Dedication, accesible desde<\/span><a href=\"https:\/\/watts-rising.vercel.app\/\"> <span style=\"font-weight: 400;\">https:\/\/watts-rising.vercel.app\/<\/span><\/a><\/p>\n<p><b>T\u00fa<\/b><span style=\"font-weight: 400;\"> significa la persona que accede o utiliza el Servicio, o la empresa u otra entidad legal en nombre de la cual dicha persona accede o utiliza el Servicio, seg\u00fan corresponda.<\/span><\/p>\n<h2><b>II.<\/b><span style=\"font-weight: 400;\"> \u00a0 \u00a0 \u00a0 \u00a0 <\/span> <b>Tipos de datos recopilados<\/b><\/h2>\n<ol>\n<li><b><\/b> <span style=\"font-weight: 400;\">Informaci\u00f3n personal<\/span><\/li>\n<\/ol>\n<p><span style=\"font-weight: 400;\">Al utilizar nuestro servicio, podemos pedirle que nos proporcione cierta informaci\u00f3n de identificaci\u00f3n personal que pueda usarse para contactarlo o identificarlo. La informaci\u00f3n de identificaci\u00f3n personal puede incluir, entre otras:<\/span><\/p>\n<ul>\n<li><span style=\"font-weight: 400;\"> \u00a0 <\/span> <span style=\"font-weight: 400;\">Direcci\u00f3n de correo electr\u00f3nico<\/span><\/li>\n<li><span style=\"font-weight: 400;\"> \u00a0 <\/span> <span style=\"font-weight: 400;\">N\u00famero de tel\u00e9fono<\/span><\/li>\n<\/ul>\n<ol>\n<li><span style=\"font-weight: 400;\">Tecnolog\u00edas de seguimiento y cookies<\/span><\/li>\n<\/ol>\n<p><span style=\"font-weight: 400;\">Utilizamos cookies y tecnolog\u00edas de seguimiento similares para rastrear la actividad en Nuestro Servicio y almacenar cierta informaci\u00f3n. Las tecnolog\u00edas de seguimiento utilizadas son balizas, etiquetas y scripts para recopilar y rastrear informaci\u00f3n y mejorar y analizar Nuestro Servicio. Las tecnolog\u00edas que utilizamos pueden incluir:<\/span><\/p>\n<ul>\n<li><span style=\"font-weight: 400;\"> \u00a0 <\/span> <b>Cookies o Cookies del Navegador.<\/b><span style=\"font-weight: 400;\"> Una cookie es un peque\u00f1o archivo colocado en su dispositivo. Puede indicarle a su navegador que rechace todas las cookies o que indique cu\u00e1ndo se env\u00eda una cookie. Sin embargo, si no acepta las cookies, es posible que no pueda utilizar algunas partes de nuestro Servicio. A menos que haya ajustado la configuraci\u00f3n de su navegador para que rechace cookies, nuestro Servicio puede utilizar cookies.<\/span><\/li>\n<\/ul>\n<p><span style=\"font-weight: 400;\">Las cookies pueden ser Cookies \u201cPersistentes\u201d o de \u201cSesi\u00f3n\u201d. Las cookies persistentes permanecen en su computadora personal o dispositivo m\u00f3vil cuando se desconecta, mientras que las cookies de sesi\u00f3n se eliminan tan pronto como cierra su navegador web.<\/span><\/p>\n<p><span style=\"font-weight: 400;\">Utilizamos ambas Cookies de sesi\u00f3n para los fines que se establecen a continuaci\u00f3n:<\/span><\/p>\n<ul>\n<li><span style=\"font-weight: 400;\"> \u00a0 <\/span> <span style=\"font-weight: 400;\">Cookies necesarias\/esenciales<\/span><\/li>\n<\/ul>\n<p><span style=\"font-weight: 400;\">Tipo: Cookies de sesi\u00f3n<\/span><\/p>\n<p><span style=\"font-weight: 400;\">Administrado por: Nosotros<\/span><\/p>\n<p><span style=\"font-weight: 400;\">Prop\u00f3sito: Estas cookies son esenciales para brindarle los servicios disponibles a trav\u00e9s del sitio web y permitirle utilizar algunas de sus funciones. Ayudan a autenticar a los usuarios y evitar el uso fraudulento de cuentas de usuario. Sin estas Cookies, no se pueden proporcionar los servicios que ha solicitado y solo utilizamos estas Cookies para brindarle esos servicios.<\/span><\/p>\n<ol>\n<li><span style=\"font-weight: 400;\">Divulgaciones de No seguimiento (DNT)<\/span><\/li>\n<\/ol>\n<p><span style=\"font-weight: 400;\">Si bien algunos navegadores web tienen una funci\u00f3n de \u201cno rastrear\u201d que le permite indicarle al sitio web que no desea que se rastreen sus actividades en l\u00ednea, actualmente no respondemos a las se\u00f1ales de \u201cno rastrear\u201d de un navegador web.<\/span><\/p>\n<ol>\n<li><span style=\"font-weight: 400;\">Uso de sus datos personales<\/span><\/li>\n<\/ol>\n<p><span style=\"font-weight: 400;\">La Compa\u00f1\u00eda podr\u00e1 utilizar Datos Personales para los siguientes fines:<\/span><\/p>\n<ul>\n<li><span style=\"font-weight: 400;\"> \u00a0 <\/span> <span style=\"font-weight: 400;\">Para administrar Su Cuenta: para administrar Su registro como usuario del Servicio. Los Datos Personales que usted proporciona pueden darle acceso a diferentes funcionalidades del Servicio que est\u00e1n disponibles para Usted como usuario registrado.<\/span><\/li>\n<li><span style=\"font-weight: 400;\"> \u00a0 <\/span> <span style=\"font-weight: 400;\">Para contactarlo: Para contactarlo por correo electr\u00f3nico, llamadas telef\u00f3nicas, SMS u otras formas de comunicaci\u00f3n electr\u00f3nica equivalentes, como notificaciones push de una aplicaci\u00f3n m\u00f3vil sobre actualizaciones o comunicaciones informativas relacionadas con las funcionalidades, productos o servicios contratados, incluidas las actualizaciones de seguridad. cuando sea necesario o razonable para su implementaci\u00f3n.<\/span><\/li>\n<li><span style=\"font-weight: 400;\"> \u00a0 <\/span> <span style=\"font-weight: 400;\">Para gestionar Sus solicitudes: Para atender y gestionar Sus solicitudes hacia Nosotros.<\/span><\/li>\n<\/ul>\n<p><span style=\"font-weight: 400;\">Podemos compartir su informaci\u00f3n personal en las siguientes situaciones:<\/span><\/p>\n<ul>\n<li><span style=\"font-weight: 400;\"> \u00a0 <\/span> <b>Con proveedores de servicios:<\/b><span style=\"font-weight: 400;\"> Podemos compartir su informaci\u00f3n personal con proveedores de servicios (por ejemplo, google, Monday.com) <\/span><span style=\"font-weight: 400;\">para monitorear y analizar el uso de nuestro Servicio, para contactarlo.<\/span><\/li>\n<li><span style=\"font-weight: 400;\"> \u00a0 <\/span> <b>Con tu consentimiento<\/b><span style=\"font-weight: 400;\">: Podemos revelar su informaci\u00f3n personal para cualquier otro prop\u00f3sito con su consentimiento.<\/span><\/li>\n<\/ul>\n<ol>\n<li><span style=\"font-weight: 400;\">Conservaci\u00f3n de sus datos personales<\/span><\/li>\n<\/ol>\n<p><span style=\"font-weight: 400;\">La Compa\u00f1\u00eda conservar\u00e1 sus datos personales solo durante el tiempo que sea necesario para los fines establecidos en esta Pol\u00edtica de privacidad. Podemos conservar y utilizar sus datos personales en la medida necesaria para cumplir con cualquier obligaci\u00f3n legal (por ejemplo, si se nos exige conservar sus datos para cumplir con las leyes aplicables), resolver disputas y hacer cumplir nuestros acuerdos y pol\u00edticas legales.<\/span><\/p>\n<ol>\n<li><span style=\"font-weight: 400;\">Transferencia de sus datos personales<\/span><\/li>\n<\/ol>\n<p><span style=\"font-weight: 400;\">Su informaci\u00f3n, incluidos los Datos personales, es transferida, procesada y retenida por un tercero, <\/span><span style=\"font-weight: 400;\">lunes.com<\/span><span style=\"font-weight: 400;\">. Debido a que la informaci\u00f3n es retenida por un tercero, puede transferirse y mantenerse en computadoras ubicadas fuera de Su estado, provincia, pa\u00eds u otra jurisdicci\u00f3n gubernamental donde las leyes de protecci\u00f3n de datos pueden diferir de las de Su jurisdicci\u00f3n.<\/span><\/p>\n<p><span style=\"font-weight: 400;\">Su consentimiento a esta Pol\u00edtica de Privacidad seguido de su env\u00edo de dicha informaci\u00f3n representa su aceptaci\u00f3n de esa transferencia.<\/span><\/p>\n<p><span style=\"font-weight: 400;\">La Compa\u00f1\u00eda tomar\u00e1 todas las medidas razonablemente necesarias para garantizar que Sus datos sean tratados de forma segura y de acuerdo con esta Pol\u00edtica de Privacidad y no se realizar\u00e1 ninguna transferencia de Sus Datos Personales a una organizaci\u00f3n o pa\u00eds a menos que existan controles adecuados establecidos, incluida la seguridad de Sus datos y otra informaci\u00f3n personal.<\/span><\/p>\n<ol>\n<li><span style=\"font-weight: 400;\">Elimina tus datos personales<\/span><\/li>\n<\/ol>\n<p><span style=\"font-weight: 400;\">Tiene derecho a eliminar o solicitar que le ayudemos a eliminar los datos personales que hemos recopilado sobre usted. Para realizar esta solicitud, env\u00ede un correo electr\u00f3nico <\/span><span style=\"font-weight: 400;\">watt.rising@hacla.org<\/span><span style=\"font-weight: 400;\"> e indique en la l\u00ednea de asunto del correo electr\u00f3nico, &quot;Eliminar mis datos personales&quot;.<\/span><\/p>\n<p><span style=\"font-weight: 400;\">Sin embargo, tenga en cuenta que es posible que necesitemos conservar cierta informaci\u00f3n cuando tengamos una obligaci\u00f3n legal o una base legal para hacerlo.<\/span><\/p>\n<ol>\n<li><span style=\"font-weight: 400;\">Divulgaci\u00f3n de sus datos personales<\/span><\/li>\n<li><i><\/i> <i><span style=\"font-weight: 400;\">Cumplimiento de la ley<\/span><\/i><\/li>\n<\/ol>\n<p><span style=\"font-weight: 400;\">En determinadas circunstancias, es posible que se le solicite a la Compa\u00f1\u00eda que revele sus datos personales si as\u00ed lo exige la ley o en respuesta a solicitudes v\u00e1lidas de autoridades p\u00fablicas (por ejemplo, un tribunal o una agencia gubernamental).<\/span><\/p>\n<ol>\n<li><i><\/i> <i><span style=\"font-weight: 400;\">Otros requisitos legales<\/span><\/i><\/li>\n<\/ol>\n<p><span style=\"font-weight: 400;\">La Compa\u00f1\u00eda puede divulgar sus datos personales de buena fe cuando considere que dicha acci\u00f3n es necesaria para:<\/span><\/p>\n<ul>\n<li><span style=\"font-weight: 400;\"> \u00a0 <\/span> <span style=\"font-weight: 400;\">Cumplir con una obligaci\u00f3n legal<\/span><\/li>\n<li><span style=\"font-weight: 400;\"> \u00a0 <\/span> <span style=\"font-weight: 400;\">Proteger y defender los derechos o bienes de la Empresa<\/span><\/li>\n<li><span style=\"font-weight: 400;\"> \u00a0 <\/span> <span style=\"font-weight: 400;\">Prevenir o investigar posibles irregularidades en relaci\u00f3n con el Servicio<\/span><\/li>\n<li><span style=\"font-weight: 400;\"> \u00a0 <\/span> <span style=\"font-weight: 400;\">Proteger la seguridad personal de los Usuarios del Servicio o del p\u00fablico.<\/span><\/li>\n<li><span style=\"font-weight: 400;\"> \u00a0 <\/span> <span style=\"font-weight: 400;\">Proteger contra responsabilidad legal<\/span><\/li>\n<\/ul>\n<ol>\n<li><span style=\"font-weight: 400;\"> \u00a0 <\/span> <span style=\"font-weight: 400;\">Seguridad de sus datos personales<\/span><\/li>\n<\/ol>\n<p><span style=\"font-weight: 400;\">La seguridad de sus datos personales es importante para nosotros. Sin embargo, ning\u00fan m\u00e9todo de transmisi\u00f3n a trav\u00e9s de Internet o m\u00e9todo de almacenamiento electr\u00f3nico es 100% seguro. Si bien nos esforzamos por utilizar medios comercialmente aceptables para proteger sus datos personales, no podemos garantizar su seguridad absoluta.<\/span><\/p>\n<h2><b>III.<\/b><span style=\"font-weight: 400;\"> \u00a0 \u00a0 \u00a0 <\/span> <b>Privacidad de los ni\u00f1os<\/b><\/h2>\n<p><span style=\"font-weight: 400;\">Nuestro Servicio no est\u00e1 dirigido a personas menores de 13 a\u00f1os. No recopilamos conscientemente informaci\u00f3n de identificaci\u00f3n personal de ninguna persona menor de 13 a\u00f1os. Si usted es padre o tutor y sabe que su hijo nos ha proporcionado datos personales, por favor Cont\u00e1ctenos. Si nos damos cuenta de que hemos recopilado datos personales de cualquier persona menor de 13 a\u00f1os sin verificaci\u00f3n del consentimiento de los padres, tomamos medidas para eliminar esa informaci\u00f3n de nuestros servidores.<\/span><\/p>\n<p><span style=\"font-weight: 400;\">Si necesitamos confiar en el consentimiento como base legal para procesar Su informaci\u00f3n y Su pa\u00eds requiere el consentimiento de uno de sus padres, podemos requerir el consentimiento de Sus padres antes de recopilar y utilizar esa informaci\u00f3n.<\/span><\/p>\n<h2><b>IV.<\/b><span style=\"font-weight: 400;\"> \u00a0 \u00a0 \u00a0 <\/span> <b>Enlaces a otros sitios web<\/b><\/h2>\n<p><span style=\"font-weight: 400;\">Nuestro Servicio puede contener enlaces a otros sitios web que no son operados por Nosotros. Si hace clic en un enlace de un tercero, ser\u00e1 dirigido al sitio de ese tercero. Le recomendamos encarecidamente que revise la Pol\u00edtica de privacidad de cada sitio que visite.<\/span><\/p>\n<p><span style=\"font-weight: 400;\">No tenemos control ni asumimos ninguna responsabilidad por el contenido, las pol\u00edticas de privacidad o las pr\u00e1cticas de sitios o servicios de terceros.<\/span><\/p>\n<h2><b>v.<\/b><span style=\"font-weight: 400;\"> \u00a0 \u00a0 \u00a0 \u00a0 <\/span> <b>Derechos de privacidad de California<\/b><\/h2>\n<p><span style=\"font-weight: 400;\">Esta Pol\u00edtica de Privacidad tiene como objetivo cumplir con la Ley de Protecci\u00f3n de la Privacidad en L\u00ednea de California de 2003 (CalOPPA) y la Ley de Privacidad del Consumidor de California (CCPA). Para obtener m\u00e1s informaci\u00f3n sobre sus derechos de privacidad en California, visite el sitio web del Departamento de Justicia de California en:<\/span><a href=\"https:\/\/oag.ca.gov\"> <span style=\"font-weight: 400;\">https:\/\/oag.ca.gov<\/span><\/a><\/p>\n<h2><b>VI.<\/b><span style=\"font-weight: 400;\"> \u00a0 \u00a0 \u00a0 <\/span> <b>Cambios a esta Pol\u00edtica de Privacidad<\/b><\/h2>\n<p><span style=\"font-weight: 400;\">Podemos actualizar Nuestra Pol\u00edtica de Privacidad de vez en cuando. Le notificaremos cualquier cambio publicando la nueva Pol\u00edtica de Privacidad en esta p\u00e1gina.<\/span><\/p>\n<p><span style=\"font-weight: 400;\">Le informaremos a trav\u00e9s de un aviso destacado en Nuestro Servicio, antes de que el cambio entre en vigencia y actualizaremos la fecha de &quot;\u00daltima actualizaci\u00f3n&quot; en la parte superior de esta Pol\u00edtica de Privacidad.<\/span><\/p>\n<p><span style=\"font-weight: 400;\">Se le recomienda revisar esta Pol\u00edtica de Privacidad peri\u00f3dicamente para detectar cualquier cambio. Los cambios a esta Pol\u00edtica de Privacidad entran en vigencia cuando se publican en esta p\u00e1gina.<\/span><\/p>\n<h2><b>VII.<\/b><span style=\"font-weight: 400;\"> \u00a0 \u00a0 <\/span> <b>Cont\u00e1ctenos<\/b><\/h2>\n<p><span style=\"font-weight: 400;\">Si tiene alguna pregunta sobre esta Pol\u00edtica de Privacidad, puede contactarnos por correo electr\u00f3nico:<\/span><span style=\"font-weight: 400;\">vatios.rising@hacla.org<\/span><\/p>\n<p><br \/><br \/><\/p>\t\t\t\t\t\t\t\t<\/div>\n\t\t\t\t<\/div>\n\t\t\t\t\t<\/div>\n\t\t<\/div>\n\t\t\t\t\t<\/div>\n\t\t<\/section>\n\t\t\t\t<\/div>","protected":false},"excerpt":{"rendered":"<p>Pol\u00edtica de privacidad \u00daltima actualizaci\u00f3n: 22 de diciembre de 2022 Esta Pol\u00edtica de privacidad describe Nuestras pol\u00edticas y procedimientos...<\/p>","protected":false},"author":1,"featured_media":0,"parent":0,"menu_order":0,"comment_status":"closed","ping_status":"open","template":"","meta":{"_acf_changed":false,"footnotes":""},"class_list":["post-3","page","type-page","status-publish","hentry"],"acf":[],"jetpack_sharing_enabled":true,"_links":{"self":[{"href":"https:\/\/www.wattsrising.org\/es\/wp-json\/wp\/v2\/pages\/3","targetHints":{"allow":["GET"]}}],"collection":[{"href":"https:\/\/www.wattsrising.org\/es\/wp-json\/wp\/v2\/pages"}],"about":[{"href":"https:\/\/www.wattsrising.org\/es\/wp-json\/wp\/v2\/types\/page"}],"author":[{"embeddable":true,"href":"https:\/\/www.wattsrising.org\/es\/wp-json\/wp\/v2\/users\/1"}],"replies":[{"embeddable":true,"href":"https:\/\/www.wattsrising.org\/es\/wp-json\/wp\/v2\/comments?post=3"}],"version-history":[{"count":0,"href":"https:\/\/www.wattsrising.org\/es\/wp-json\/wp\/v2\/pages\/3\/revisions"}],"wp:attachment":[{"href":"https:\/\/www.wattsrising.org\/es\/wp-json\/wp\/v2\/media?parent=3"}],"curies":[{"name":"gracias","href":"https:\/\/api.w.org\/{rel}","templated":true}]}}