{"id":347,"date":"2023-01-12T08:02:42","date_gmt":"2023-01-12T08:02:42","guid":{"rendered":"https:\/\/www.wattsrising.org\/?page_id=347"},"modified":"2024-07-25T20:16:44","modified_gmt":"2024-07-25T20:16:44","slug":"data-collection-and-indicators","status":"publish","type":"page","link":"https:\/\/www.wattsrising.org\/es\/our-impact\/data-collection-and-indicators\/","title":{"rendered":"Recopilaci\u00f3n de datos e indicadores"},"content":{"rendered":"<div data-elementor-type=\"wp-page\" data-elementor-id=\"347\" class=\"elementor elementor-347\">\n\t\t\t\t\t\t<section class=\"elementor-section elementor-top-section elementor-element elementor-element-5c9f921 elementor-section-boxed elementor-section-height-default elementor-section-height-default\" data-id=\"5c9f921\" data-element_type=\"section\">\n\t\t\t\t\t\t<div class=\"elementor-container elementor-column-gap-default\">\n\t\t\t\t\t<div class=\"elementor-column elementor-col-100 elementor-top-column elementor-element elementor-element-8f16777\" data-id=\"8f16777\" data-element_type=\"column\">\n\t\t\t<div class=\"elementor-widget-wrap elementor-element-populated\">\n\t\t\t\t\t\t<div class=\"elementor-element elementor-element-7a538d9 elementor-widget elementor-widget-hero-section\" data-id=\"7a538d9\" data-element_type=\"widget\" data-widget_type=\"hero-section.default\">\n\t\t\t\t<div class=\"elementor-widget-container\">\n\t\t\t\t\t\n<div class=\"hero-section\">\n    <div class=\"hero-bg-desktop\" style=\"background-image:url(https:\/\/www.wattsrising.org\/wp-content\/uploads\/2023\/02\/data-collection.png)\"><\/div>\n    <img decoding=\"async\" class=\"hero-bg-mobile\" src=\"https:\/\/www.wattsrising.org\/wp-content\/uploads\/2023\/02\/Data-collection-mobile.png\"\/>\n    <div class=\"hero-content\">\n                    <h1 class=\"hero-title\">Recopilaci\u00f3n de datos e indicadores<\/h1>\n                            <p class=\"hero-description\">Los indicadores a seguir est\u00e1n asociados a las metas que los 24 proyectos TCC Watts Rising pretenden alcanzar.<\/p>\n                            <\/div>\n<\/div>\n\t\t\t\t<\/div>\n\t\t\t\t<\/div>\n\t\t\t\t\t<\/div>\n\t\t<\/div>\n\t\t\t\t\t<\/div>\n\t\t<\/section>\n\t\t\t\t<section class=\"elementor-section elementor-top-section elementor-element elementor-element-06b8d7e elementor-section-boxed elementor-section-height-default elementor-section-height-default\" data-id=\"06b8d7e\" data-element_type=\"section\" data-settings=\"{&quot;background_background&quot;:&quot;classic&quot;}\">\n\t\t\t\t\t\t<div class=\"elementor-container elementor-column-gap-default\">\n\t\t\t\t\t<div class=\"elementor-column elementor-col-100 elementor-top-column elementor-element elementor-element-daf931f\" data-id=\"daf931f\" data-element_type=\"column\">\n\t\t\t<div class=\"elementor-widget-wrap elementor-element-populated\">\n\t\t\t\t\t\t<section class=\"elementor-section elementor-inner-section elementor-element elementor-element-fdbed0e elementor-section-boxed elementor-section-height-default elementor-section-height-default\" data-id=\"fdbed0e\" data-element_type=\"section\">\n\t\t\t\t\t\t<div class=\"elementor-container elementor-column-gap-default\">\n\t\t\t\t\t<div class=\"elementor-column elementor-col-50 elementor-inner-column elementor-element elementor-element-b375293\" data-id=\"b375293\" data-element_type=\"column\">\n\t\t\t<div class=\"elementor-widget-wrap elementor-element-populated\">\n\t\t\t\t\t\t<div class=\"elementor-element elementor-element-cc9730a elementor-widget elementor-widget-image\" data-id=\"cc9730a\" data-element_type=\"widget\" data-widget_type=\"image.default\">\n\t\t\t\t<div class=\"elementor-widget-container\">\n\t\t\t\t\t\t\t\t\t\t\t\t\t\t\t\t<a href=\"https:\/\/innovation.luskin.ucla.edu\/wp-content\/uploads\/2024\/07\/Watts-Rising-2024.pdf\" target=\"_blank\">\n\t\t\t\t\t\t\t<img fetchpriority=\"high\" decoding=\"async\" width=\"787\" height=\"1024\" src=\"https:\/\/www.wattsrising.org\/wp-content\/uploads\/2024\/07\/Screen-Shot-2024-07-24-at-2.33.41-PM-787x1024.png\" class=\"attachment-large size-large wp-image-6556\" alt=\"\" srcset=\"https:\/\/www.wattsrising.org\/wp-content\/uploads\/2024\/07\/Screen-Shot-2024-07-24-at-2.33.41-PM-787x1024.png 787w, https:\/\/www.wattsrising.org\/wp-content\/uploads\/2024\/07\/Screen-Shot-2024-07-24-at-2.33.41-PM-231x300.png 231w, https:\/\/www.wattsrising.org\/wp-content\/uploads\/2024\/07\/Screen-Shot-2024-07-24-at-2.33.41-PM-768x999.png 768w, https:\/\/www.wattsrising.org\/wp-content\/uploads\/2024\/07\/Screen-Shot-2024-07-24-at-2.33.41-PM-9x12.png 9w, https:\/\/www.wattsrising.org\/wp-content\/uploads\/2024\/07\/Screen-Shot-2024-07-24-at-2.33.41-PM.png 852w\" sizes=\"(max-width: 787px) 100vw, 787px\" \/>\t\t\t\t\t\t\t\t<\/a>\n\t\t\t\t\t\t\t\t\t\t\t\t\t\t\t<\/div>\n\t\t\t\t<\/div>\n\t\t\t\t\t<\/div>\n\t\t<\/div>\n\t\t\t\t<div class=\"elementor-column elementor-col-50 elementor-inner-column elementor-element elementor-element-51e5c93\" data-id=\"51e5c93\" data-element_type=\"column\">\n\t\t\t<div class=\"elementor-widget-wrap elementor-element-populated\">\n\t\t\t\t\t\t<div class=\"elementor-element elementor-element-abd0c1e elementor-widget elementor-widget-text-editor\" data-id=\"abd0c1e\" data-element_type=\"widget\" data-widget_type=\"text-editor.default\">\n\t\t\t\t<div class=\"elementor-widget-container\">\n\t\t\t\t\t\t\t\t\t<p><span style=\"font-weight: 400;\">La Escuela de Asuntos P\u00fablicos Luskin de la UCLA est\u00e1 contratada por el Consejo de Crecimiento Estrat\u00e9gico de California para realizar una evaluaci\u00f3n anual del progreso de la subvenci\u00f3n Watts Rising Transformative Climate Communities. Los indicadores de progreso del proyecto, junto con historias anecd\u00f3ticas sobre los socios de implementaci\u00f3n del proyecto y los residentes, se compilan en un informe anual.\u00a0<\/span><\/p><p><span style=\"font-weight: 400;\">Haga clic a continuaci\u00f3n para revisar los informes de los a\u00f1os respectivos:<\/span><\/p><ul><li aria-level=\"1\"><a href=\"https:\/\/innovation.luskin.ucla.edu\/wp-content\/uploads\/2024\/07\/Watts-Rising-2024.pdf\">Informe 2024<\/a> cubre la fecha de adjudicaci\u00f3n (enero de 2018) hasta el final del mes 52 de implementaci\u00f3n (junio de 2023)<\/li><li aria-level=\"1\"><a href=\"https:\/\/innovation.luskin.ucla.edu\/wp-content\/uploads\/2023\/06\/Watts-Rising-2023-Progress-Report.pdf\">Informe 2023<\/a> cubre la fecha de adjudicaci\u00f3n (enero de 2018) hasta el final del mes 38 de implementaci\u00f3n (junio de 2022)\u00a0<\/li><li style=\"font-weight: 400;\" aria-level=\"1\"><span style=\"font-weight: 400;\"><a href=\"https:\/\/innovation.luskin.ucla.edu\/wp-content\/uploads\/2022\/06\/Watts-Rising-2022-Progress-Report.pdf\">Informe 2022<\/a> cubre la fecha de adjudicaci\u00f3n (enero de 2018) hasta el final del mes 27 de implementaci\u00f3n (junio de 2021)<\/span><\/li><li style=\"font-weight: 400;\" aria-level=\"1\"><span style=\"font-weight: 400;\"><a href=\"https:\/\/innovation.luskin.ucla.edu\/wp-content\/uploads\/2021\/05\/Watts-Rising-2021-Progress-Report.pdf\">Informe 2021<\/a> cubre la fecha de adjudicaci\u00f3n (enero de 2018) hasta el final del mes 15 de implementaci\u00f3n (junio de 2020)<\/span><\/li><li style=\"font-weight: 400;\" aria-level=\"1\"><a href=\"https:\/\/innovation.luskin.ucla.edu\/wp-content\/uploads\/2020\/04\/Watts_Rising.pdf\" target=\"_blank\" rel=\"noopener\"><span style=\"font-weight: 400;\">Watts Rising L\u00ednea de base e informe de progreso sobre la implementaci\u00f3n temprana del Informe del Programa de Comunidades Clim\u00e1ticas Transformadoras<\/span><\/a><span style=\"font-weight: 400;\"> cubre el per\u00edodo desde la fecha estatal de adjudicaci\u00f3n de TCC (enero de 2018) hasta el tercer mes de implementaci\u00f3n (junio de 2019)<\/span><\/li><\/ul><p><span style=\"font-weight: 400;\">Para obtener m\u00e1s informaci\u00f3n sobre el proceso de recopilaci\u00f3n de datos de la Escuela Luskin de UCLA y los informes de otros sitios de TCC, visite su\u00a0<\/span><a href=\"https:\/\/innovation.luskin.ucla.edu\/tracking-groundbreaking-climate-action\/#toggle-id-3\" target=\"_blank\" rel=\"noopener\"><span style=\"font-weight: 400;\">sitio web<\/span><\/a><span style=\"font-weight: 400;\">.<\/span><\/p>\t\t\t\t\t\t\t\t<\/div>\n\t\t\t\t<\/div>\n\t\t\t\t\t<\/div>\n\t\t<\/div>\n\t\t\t\t\t<\/div>\n\t\t<\/section>\n\t\t\t\t\t<\/div>\n\t\t<\/div>\n\t\t\t\t\t<\/div>\n\t\t<\/section>\n\t\t\t\t<\/div>","protected":false},"excerpt":{"rendered":"<p>Recopilaci\u00f3n de datos e indicadores Los indicadores a los que se les dar\u00e1 seguimiento est\u00e1n asociados con las metas que...<\/p>","protected":false},"author":2,"featured_media":0,"parent":60,"menu_order":0,"comment_status":"closed","ping_status":"closed","template":"","meta":{"_acf_changed":false,"footnotes":""},"class_list":["post-347","page","type-page","status-publish","hentry"],"acf":[],"jetpack_sharing_enabled":true,"_links":{"self":[{"href":"https:\/\/www.wattsrising.org\/es\/wp-json\/wp\/v2\/pages\/347","targetHints":{"allow":["GET"]}}],"collection":[{"href":"https:\/\/www.wattsrising.org\/es\/wp-json\/wp\/v2\/pages"}],"about":[{"href":"https:\/\/www.wattsrising.org\/es\/wp-json\/wp\/v2\/types\/page"}],"author":[{"embeddable":true,"href":"https:\/\/www.wattsrising.org\/es\/wp-json\/wp\/v2\/users\/2"}],"replies":[{"embeddable":true,"href":"https:\/\/www.wattsrising.org\/es\/wp-json\/wp\/v2\/comments?post=347"}],"version-history":[{"count":0,"href":"https:\/\/www.wattsrising.org\/es\/wp-json\/wp\/v2\/pages\/347\/revisions"}],"up":[{"embeddable":true,"href":"https:\/\/www.wattsrising.org\/es\/wp-json\/wp\/v2\/pages\/60"}],"wp:attachment":[{"href":"https:\/\/www.wattsrising.org\/es\/wp-json\/wp\/v2\/media?parent=347"}],"curies":[{"name":"gracias","href":"https:\/\/api.w.org\/{rel}","templated":true}]}}