{"id":352,"date":"2023-01-12T08:54:54","date_gmt":"2023-01-12T08:54:54","guid":{"rendered":"https:\/\/www.wattsrising.org\/?page_id=352"},"modified":"2025-04-17T19:53:16","modified_gmt":"2025-04-17T19:53:16","slug":"cdu-watts-community-yep","status":"publish","type":"page","link":"https:\/\/www.wattsrising.org\/es\/our-impact\/cdu-watts-community-yep\/","title":{"rendered":"Universidad Charles Drew, Watts Community Studio y j\u00f3venes etn\u00f3grafos"},"content":{"rendered":"<div data-elementor-type=\"wp-page\" data-elementor-id=\"352\" class=\"elementor elementor-352\">\n\t\t\t\t\t\t<section class=\"elementor-section elementor-top-section elementor-element elementor-element-3834818 elementor-section-boxed elementor-section-height-default elementor-section-height-default\" data-id=\"3834818\" data-element_type=\"section\">\n\t\t\t\t\t\t<div class=\"elementor-container elementor-column-gap-default\">\n\t\t\t\t\t<div class=\"elementor-column elementor-col-100 elementor-top-column elementor-element elementor-element-fec41f4\" data-id=\"fec41f4\" data-element_type=\"column\">\n\t\t\t<div class=\"elementor-widget-wrap\">\n\t\t\t\t\t\t\t<\/div>\n\t\t<\/div>\n\t\t\t\t\t<\/div>\n\t\t<\/section>\n\t\t\t\t<section class=\"elementor-section elementor-top-section elementor-element elementor-element-b865cdf elementor-section-boxed elementor-section-height-default elementor-section-height-default\" data-id=\"b865cdf\" data-element_type=\"section\">\n\t\t\t\t\t\t<div class=\"elementor-container elementor-column-gap-default\">\n\t\t\t\t\t<div class=\"elementor-column elementor-col-100 elementor-top-column elementor-element elementor-element-1ebc4d9\" data-id=\"1ebc4d9\" data-element_type=\"column\">\n\t\t\t<div class=\"elementor-widget-wrap elementor-element-populated\">\n\t\t\t\t\t\t<div class=\"elementor-element elementor-element-07f94b3 elementor-widget elementor-widget-hero-section\" data-id=\"07f94b3\" data-element_type=\"widget\" data-widget_type=\"hero-section.default\">\n\t\t\t\t<div class=\"elementor-widget-container\">\n\t\t\t\t\t\n<div class=\"hero-section\">\n    <div class=\"hero-bg-desktop\" style=\"background-image:url(https:\/\/www.wattsrising.org\/wp-content\/uploads\/2023\/02\/CDU-watts-young-etnographers.png)\"><\/div>\n    <img decoding=\"async\" class=\"hero-bg-mobile\" src=\"https:\/\/www.wattsrising.org\/wp-content\/uploads\/2023\/02\/CDU-mobile.png\"\/>\n    <div class=\"hero-content\">\n                    <h1 class=\"hero-title\">Universidad Charles Drew, <br \/> Estudio comunitario Watts, <br \/> y j\u00f3venes etn\u00f3grafos<\/h1>\n                            <p class=\"hero-description\">Adem\u00e1s de participar en el Grupo de Trabajo de Datos, la Universidad Charles Drew utiliza una cohorte de estudiantes para realizar una encuesta en el vecindario para obtener conocimiento de datos cualitativos, como las percepciones de los residentes y los cambios en el estilo de vida, que pueden ser m\u00e1s dif\u00edciles de rastrear de otras maneras.<\/p>\n                            <\/div>\n<\/div>\n\t\t\t\t<\/div>\n\t\t\t\t<\/div>\n\t\t\t\t<div class=\"elementor-element elementor-element-f60a791 elementor-widget elementor-widget-single-accordion\" data-id=\"f60a791\" data-element_type=\"widget\" data-widget_type=\"single-accordion.default\">\n\t\t\t\t<div class=\"elementor-widget-container\">\n\t\t\t\t\t\n<div class=\"single-accordion\">\n    <div class=\"accordion\" id=\"accordionExample\">\n        <div class=\"single-accordion-card shadow rounded\">\n            <h4 class=\"single-accordion-header\">\n                Universidad Charles R. Drew de Medicina y Ciencias            <\/h4>\n            <div id=\"collapse-1\" class=\"collapse\" aria-labelledby=\"heading-1\" data-parent=\"#accordionExample\">\n                <div class=\"single-accordion-card-body\">\n                    <p><img decoding=\"async\" class=\"alignnone size-full wp-image-308\" src=\"https:\/\/www.wattsrising.org\/wp-content\/uploads\/2023\/01\/cdu-logo.png\" alt=\"\" width=\"128\" height=\"110\" \/><\/p><p>La CDU es una universidad privada sin fines de lucro, fundada en 1966 como centro m\u00e9dico local, en respuesta a la insuficiencia de instalaciones m\u00e9dicas en los barrios de Watts-Willowbrook, en el sur de Los \u00c1ngeles. Es la \u00fanica instituci\u00f3n acad\u00e9mica de ciencias de la salud ubicada en un \u00e1rea de 1,6 millones de habitantes, la zona urbana marginada m\u00e1s grande de Estados Unidos. La CDU es un centro de excepcional experiencia metodol\u00f3gica y cultural en principios de investigaci\u00f3n participativa con alianzas vecinales. La CDU contribuye de forma crucial a la transici\u00f3n de la ciencia b\u00e1sica a la participaci\u00f3n ciudadana mediante su excepcional red de alianzas locales y su liderazgo en el perfeccionamiento y la difusi\u00f3n de dichos principios.<\/p><p><strong>Visi\u00f3n de la CDU:<\/strong> Excelente salud y bienestar para todos en un mundo sin disparidades en salud.<\/p><p><strong>Misi\u00f3n de la CDU:<\/strong> La Universidad de Medicina y Ciencias Charles R. Drew es una universidad privada sin fines de lucro centrada en los estudiantes, comprometida con la formaci\u00f3n de l\u00edderes profesionales de la salud diversos que se dediquen a las poblaciones marginadas a trav\u00e9s de una educaci\u00f3n, investigaci\u00f3n, servicio cl\u00ednico y compromiso excepcionales.<\/p><p><a href=\"http:\/\/www.cdrewu.edu\/\" target=\"_blank\" rel=\"noopener\">www.cdrewu.edu<\/a><\/p>                <\/div>\n            <\/div>\n            <div class=\"collapsed collapsed-button\" id=\"heading-1\" type=\"button\" data-toggle=\"collapse\" data-target=\"#collapse-1\" aria-expanded=\"false\" aria-controls=\"collapse-1\">\n                <a class=\"text-left\">\n                    <span class=\"collapsed\">Leer m\u00e1s<\/span>\n                    <span class=\"expanded\">Leer menos<\/span>\n                <\/a>\n            <\/div>\n        <\/div>\n    <\/div>\n<\/div>\n\t\t\t\t<\/div>\n\t\t\t\t<\/div>\n\t\t\t\t<div class=\"elementor-element elementor-element-5b6c4e5 elementor-widget elementor-widget-single-accordion\" data-id=\"5b6c4e5\" data-element_type=\"widget\" data-widget_type=\"single-accordion.default\">\n\t\t\t\t<div class=\"elementor-widget-container\">\n\t\t\t\t\t\n<div class=\"single-accordion\">\n    <div class=\"accordion\" id=\"accordionExample\">\n        <div class=\"single-accordion-card shadow rounded\">\n            <h4 class=\"single-accordion-header\">\n                Programa de J\u00f3venes Etn\u00f3grafos (YEP)            <\/h4>\n            <div id=\"collapse-2\" class=\"collapse\" aria-labelledby=\"heading-2\" data-parent=\"#accordionExample\">\n                <div class=\"single-accordion-card-body\">\n                    <p>Un programa de investigaci\u00f3n participativa para j\u00f3venes, donde los participantes desarrollan habilidades en evaluaciones de vecindarios, desarrollo de curr\u00edculums y preparaci\u00f3n universitaria. Adem\u00e1s, participan en salidas semanales para aprender m\u00e1s sobre la historia, la cultura y la din\u00e1mica actual de sus vecindarios. Los estudiantes realizan encuestas a los residentes de Watts para medir la calidad de vida en su vecindario, as\u00ed como sus prioridades y condiciones actuales. La edici\u00f3n de 2022 se centrar\u00e1 en la justicia ambiental a trav\u00e9s de una colaboraci\u00f3n con Watts Rising Collaborative.<\/p><p>YEP es una oportunidad \u00fanica para que los j\u00f3venes ayuden a fomentar la participaci\u00f3n c\u00edvica de los j\u00f3venes, fomentar aspiraciones postsecundarias, brindar preparaci\u00f3n laboral y desarrollar habilidades de liderazgo. Desde 2020, YEP ha trabajado con j\u00f3venes locales que est\u00e1n inscritos en el programa juvenil HIRE LA, un programa apoyado por la ciudad de Los \u00c1ngeles que brinda experiencia laboral a j\u00f3venes de 14 a 24 a\u00f1os, y College Track Watts, un programa nacional de 10 a\u00f1os. programa de preparaci\u00f3n universitaria que trabaja con estudiantes de Jordan High School.\u00a0<\/p><p><strong>Misi\u00f3n S\u00cd:<\/strong> Ofrecer una experiencia educativa aplicada transformadora para j\u00f3venes de diversos or\u00edgenes a trav\u00e9s de tutor\u00eda, investigaci\u00f3n social y compromiso que cultive habilidades de liderazgo.<\/p><p><a href=\"https:\/\/www.wattsrising.org\/wp-content\/uploads\/2023\/01\/yep-assesment-1.jpg\"><img fetchpriority=\"high\" decoding=\"async\" class=\"alignnone wp-image-355 size-medium\" src=\"https:\/\/www.wattsrising.org\/wp-content\/uploads\/2023\/01\/yep-assesment-1-300x225.jpg\" alt=\"\" width=\"300\" height=\"225\" srcset=\"https:\/\/www.wattsrising.org\/wp-content\/uploads\/2023\/01\/yep-assesment-1-300x225.jpg 300w, https:\/\/www.wattsrising.org\/wp-content\/uploads\/2023\/01\/yep-assesment-1-1024x768.jpg 1024w, https:\/\/www.wattsrising.org\/wp-content\/uploads\/2023\/01\/yep-assesment-1-768x576.jpg 768w, https:\/\/www.wattsrising.org\/wp-content\/uploads\/2023\/01\/yep-assesment-1-1536x1153.jpg 1536w, https:\/\/www.wattsrising.org\/wp-content\/uploads\/2023\/01\/yep-assesment-1.jpg 1999w\" sizes=\"(max-width: 300px) 100vw, 300px\" \/><\/a> <a href=\"https:\/\/www.wattsrising.org\/wp-content\/uploads\/2023\/01\/yep-assesment-2.jpg\"><img decoding=\"async\" class=\"alignnone wp-image-356 size-medium\" src=\"https:\/\/www.wattsrising.org\/wp-content\/uploads\/2023\/01\/yep-assesment-2-300x225.jpg\" alt=\"\" width=\"300\" height=\"225\" srcset=\"https:\/\/www.wattsrising.org\/wp-content\/uploads\/2023\/01\/yep-assesment-2-300x225.jpg 300w, https:\/\/www.wattsrising.org\/wp-content\/uploads\/2023\/01\/yep-assesment-2-1024x768.jpg 1024w, https:\/\/www.wattsrising.org\/wp-content\/uploads\/2023\/01\/yep-assesment-2-768x576.jpg 768w, https:\/\/www.wattsrising.org\/wp-content\/uploads\/2023\/01\/yep-assesment-2-1536x1153.jpg 1536w, https:\/\/www.wattsrising.org\/wp-content\/uploads\/2023\/01\/yep-assesment-2.jpg 1999w\" sizes=\"(max-width: 300px) 100vw, 300px\" \/><\/a> <a href=\"https:\/\/www.wattsrising.org\/wp-content\/uploads\/2023\/01\/yep-assesment-3.jpg\"><img loading=\"lazy\" decoding=\"async\" class=\"alignnone wp-image-357 size-medium\" src=\"https:\/\/www.wattsrising.org\/wp-content\/uploads\/2023\/01\/yep-assesment-3-300x225.jpg\" alt=\"\" width=\"300\" height=\"225\" srcset=\"https:\/\/www.wattsrising.org\/wp-content\/uploads\/2023\/01\/yep-assesment-3-300x225.jpg 300w, https:\/\/www.wattsrising.org\/wp-content\/uploads\/2023\/01\/yep-assesment-3-1024x768.jpg 1024w, https:\/\/www.wattsrising.org\/wp-content\/uploads\/2023\/01\/yep-assesment-3-768x576.jpg 768w, https:\/\/www.wattsrising.org\/wp-content\/uploads\/2023\/01\/yep-assesment-3-1536x1153.jpg 1536w, https:\/\/www.wattsrising.org\/wp-content\/uploads\/2023\/01\/yep-assesment-3.jpg 1999w\" sizes=\"(max-width: 300px) 100vw, 300px\" \/><\/a><\/p>                <\/div>\n            <\/div>\n            <div class=\"collapsed collapsed-button\" id=\"heading-2\" type=\"button\" data-toggle=\"collapse\" data-target=\"#collapse-2\" aria-expanded=\"false\" aria-controls=\"collapse-2\">\n                <a class=\"text-left\">\n                    <span class=\"collapsed\">Leer m\u00e1s<\/span>\n                    <span class=\"expanded\">Leer menos<\/span>\n                <\/a>\n            <\/div>\n        <\/div>\n    <\/div>\n<\/div>\n\t\t\t\t<\/div>\n\t\t\t\t<\/div>\n\t\t\t\t<div class=\"elementor-element elementor-element-0ed074d elementor-widget elementor-widget-single-accordion\" data-id=\"0ed074d\" data-element_type=\"widget\" data-widget_type=\"single-accordion.default\">\n\t\t\t\t<div class=\"elementor-widget-container\">\n\t\t\t\t\t\n<div class=\"single-accordion\">\n    <div class=\"accordion\" id=\"accordionExample\">\n        <div class=\"single-accordion-card shadow rounded\">\n            <h4 class=\"single-accordion-header\">\n                Estudio comunitario Watts (WCS)            <\/h4>\n            <div id=\"collapse-3\" class=\"collapse\" aria-labelledby=\"heading-3\" data-parent=\"#accordionExample\">\n                <div class=\"single-accordion-card-body\">\n                    <p><img loading=\"lazy\" decoding=\"async\" class=\"alignnone size-thumbnail wp-image-354\" src=\"https:\/\/www.wattsrising.org\/wp-content\/uploads\/2023\/01\/Watts-community-studio-150x150.png\" alt=\"\" width=\"150\" height=\"150\" srcset=\"https:\/\/www.wattsrising.org\/wp-content\/uploads\/2023\/01\/Watts-community-studio-150x150.png 150w, https:\/\/www.wattsrising.org\/wp-content\/uploads\/2023\/01\/Watts-community-studio.png 200w\" sizes=\"(max-width: 150px) 100vw, 150px\" \/><\/p><p>Un proyecto de investigaci\u00f3n vecinal apoyado por la Universidad de Medicina y Ciencias Charles R. Drew, el Distrito 15 del Concejo Municipal de Los \u00c1ngeles (CD15), la Autoridad de Vivienda de la Ciudad de Los \u00c1ngeles (HACLA) y la Oficina de Oportunidades Econ\u00f3micas del Alcalde. El proyecto busca aprender m\u00e1s sobre Watts de la mano de las personas que viven y tienen negocios all\u00ed. Involucrar a los residentes en el proceso de toma de decisiones para su vecindario ayudar\u00e1 con programas, proyectos y pol\u00edticas para el futuro de Watts. WCS utiliz\u00f3 los datos del Censo, datos de otras agencias p\u00fablicas y realiz\u00f3 reuniones para aprender m\u00e1s sobre Watts. WCS trabaj\u00f3 con muchas organizaciones e iglesias en el vecindario para asegurarse de que las encuestas y el proyecto se hicieran para la gente de Watts. WCS trabaj\u00f3 con j\u00f3venes de Watts durante seis semanas para administrar la encuesta, ingresar los datos y apoyar el desarrollo del programa. En 2013, el proyecto de tres meses revel\u00f3 ideas sobre c\u00f3mo apoyar el futuro de Watts que incluyeron a los residentes y negocios de Watts. Se recopilaron alrededor de 700 encuestas entre residentes y 50 propietarios de empresas en Watts: los encuestados adoran su vecindario y tienen ideas sobre c\u00f3mo mejorarlo.<\/p><p>El enlace al informe de la WCS 2013 es\u00a0<a href=\"https:\/\/wattscommunitystudio.wordpress.com\/\" target=\"_blank\" rel=\"noopener\">aqu\u00ed<\/a><a href=\"https:\/\/wattscommunitystudio.wordpress.com\/\" target=\"_blank\" rel=\"noopener\">.<\/a><\/p><p>En 2018, WCS se convirti\u00f3 en socio de datos de Watts Rising Collaborative. Utilizando una herramienta de encuesta dise\u00f1ada por los residentes de Watts, las partes interesadas, Watts Rising Collaborative y otros socios de datos, el proyecto lanz\u00f3 la Evaluaci\u00f3n de la comunidad de Watts en el oto\u00f1o de 2022 con los siguientes prop\u00f3sitos:<\/p><p><strong>Prop\u00f3sito de la evaluaci\u00f3n comunitaria de Watts 2022-2023<\/strong><\/p><ul><li style=\"font-weight: 400;\" aria-level=\"1\"><span style=\"font-weight: 400;\">Aprenda sobre los conocimientos, actitudes y creencias de los residentes de Watts.<\/span><\/li><li style=\"font-weight: 400;\" aria-level=\"1\"><span style=\"font-weight: 400;\">Servir como una evaluaci\u00f3n vecinal del Watts Rising Collaborative<\/span><\/li><li style=\"font-weight: 400;\" aria-level=\"1\"><span style=\"font-weight: 400;\">Explore las perspectivas de los residentes sobre COVID-19\u00a0<\/span><\/li><\/ul><p><span style=\"font-weight: 400;\">YEP presentar\u00e1 los resultados de los datos en el verano de 2023 en las reuniones mensuales de Watts Rising Collaborative y en diferentes entornos de Watts.\u00a0<\/span><\/p><p><strong>Misi\u00f3n de la WCS:<\/strong><span style=\"font-weight: 400;\"> El Watts Community Studio utiliza la investigaci\u00f3n dirigida por el vecindario para ofrecer ideas sobre c\u00f3mo mejorar las condiciones del vecindario.<\/span><\/p><p><strong>Objetivos de la WCS<\/strong><\/p><ul><li style=\"font-weight: 400;\" aria-level=\"1\"><span style=\"font-weight: 400;\">Determinar las necesidades y perspectivas del vecindario mediante una encuesta a los residentes.<\/span><\/li><li style=\"font-weight: 400;\" aria-level=\"1\"><span style=\"font-weight: 400;\">Desarrollar redes colaborativas\u00a0<\/span><\/li><li style=\"font-weight: 400;\" aria-level=\"1\"><span style=\"font-weight: 400;\">Informar los procesos de toma de decisiones en Watts\u00a0<\/span><\/li><li style=\"font-weight: 400;\" aria-level=\"1\"><span style=\"font-weight: 400;\">Utilizar los principales recursos del vecindario en lugar de una narrativa deficitaria<\/span><ul><li style=\"font-weight: 400;\" aria-level=\"2\"><span style=\"font-weight: 400;\">J\u00f3venes como administradores de encuestas (Programa J\u00f3venes Etn\u00f3grafos)<\/span><\/li><\/ul><\/li><\/ul>                <\/div>\n            <\/div>\n            <div class=\"collapsed collapsed-button\" id=\"heading-3\" type=\"button\" data-toggle=\"collapse\" data-target=\"#collapse-3\" aria-expanded=\"false\" aria-controls=\"collapse-3\">\n                <a class=\"text-left\">\n                    <span class=\"collapsed\">Leer m\u00e1s<\/span>\n                    <span class=\"expanded\">Leer menos<\/span>\n                <\/a>\n            <\/div>\n        <\/div>\n    <\/div>\n<\/div>\n\t\t\t\t<\/div>\n\t\t\t\t<\/div>\n\t\t\t\t\t<\/div>\n\t\t<\/div>\n\t\t\t\t\t<\/div>\n\t\t<\/section>\n\t\t\t\t<\/div>","protected":false},"excerpt":{"rendered":"<p>Universidad Charles Drew, Watts Community Studio y j\u00f3venes etn\u00f3grafos Adem\u00e1s de participar en el\u2026<\/p>","protected":false},"author":2,"featured_media":0,"parent":60,"menu_order":0,"comment_status":"closed","ping_status":"closed","template":"","meta":{"_acf_changed":false,"footnotes":""},"class_list":["post-352","page","type-page","status-publish","hentry"],"acf":[],"jetpack_sharing_enabled":true,"_links":{"self":[{"href":"https:\/\/www.wattsrising.org\/es\/wp-json\/wp\/v2\/pages\/352","targetHints":{"allow":["GET"]}}],"collection":[{"href":"https:\/\/www.wattsrising.org\/es\/wp-json\/wp\/v2\/pages"}],"about":[{"href":"https:\/\/www.wattsrising.org\/es\/wp-json\/wp\/v2\/types\/page"}],"author":[{"embeddable":true,"href":"https:\/\/www.wattsrising.org\/es\/wp-json\/wp\/v2\/users\/2"}],"replies":[{"embeddable":true,"href":"https:\/\/www.wattsrising.org\/es\/wp-json\/wp\/v2\/comments?post=352"}],"version-history":[{"count":0,"href":"https:\/\/www.wattsrising.org\/es\/wp-json\/wp\/v2\/pages\/352\/revisions"}],"up":[{"embeddable":true,"href":"https:\/\/www.wattsrising.org\/es\/wp-json\/wp\/v2\/pages\/60"}],"wp:attachment":[{"href":"https:\/\/www.wattsrising.org\/es\/wp-json\/wp\/v2\/media?parent=352"}],"curies":[{"name":"gracias","href":"https:\/\/api.w.org\/{rel}","templated":true}]}}