{"id":447,"date":"2023-01-28T14:26:13","date_gmt":"2023-01-28T14:26:13","guid":{"rendered":"https:\/\/www.wattsrising.org\/?page_id=447"},"modified":"2025-04-17T19:21:51","modified_gmt":"2025-04-17T19:21:51","slug":"business-resources","status":"publish","type":"page","link":"https:\/\/www.wattsrising.org\/es\/anti-displacement\/business-resources\/","title":{"rendered":"Recursos comerciales"},"content":{"rendered":"<div data-elementor-type=\"wp-page\" data-elementor-id=\"447\" class=\"elementor elementor-447\">\n\t\t\t\t\t\t<section class=\"elementor-section elementor-top-section elementor-element elementor-element-0808f2c elementor-section-boxed elementor-section-height-default elementor-section-height-default\" data-id=\"0808f2c\" data-element_type=\"section\">\n\t\t\t\t\t\t<div class=\"elementor-container elementor-column-gap-default\">\n\t\t\t\t\t<div class=\"elementor-column elementor-col-100 elementor-top-column elementor-element elementor-element-f53542b\" data-id=\"f53542b\" data-element_type=\"column\">\n\t\t\t<div class=\"elementor-widget-wrap elementor-element-populated\">\n\t\t\t\t\t\t<div class=\"elementor-element elementor-element-dc86c41 elementor-widget elementor-widget-hero-section\" data-id=\"dc86c41\" data-element_type=\"widget\" data-widget_type=\"hero-section.default\">\n\t\t\t\t<div class=\"elementor-widget-container\">\n\t\t\t\t\t\n<div class=\"hero-section\">\n    <div class=\"hero-bg-desktop\" style=\"background-image:url(https:\/\/www.wattsrising.org\/wp-content\/uploads\/2023\/02\/business-resources.png)\"><\/div>\n    <img decoding=\"async\" class=\"hero-bg-mobile\" src=\"https:\/\/www.wattsrising.org\/wp-content\/uploads\/2023\/02\/business-resources-mobile.png\"\/>\n    <div class=\"hero-content\">\n                    <h1 class=\"hero-title\">Recursos comerciales<\/h1>\n                            <p class=\"hero-description\">Con el cambio que llega a Watts a trav\u00e9s de inversiones como TCC, Watts Rising tiene como objetivo proteger a los inquilinos comerciales y las peque\u00f1as empresas de Watts del desplazamiento, con un enfoque particular en las empresas de bajos ingresos que son propiedad de residentes de Watts.<\/p>\n                            <\/div>\n<\/div>\n\t\t\t\t<\/div>\n\t\t\t\t<\/div>\n\t\t\t\t\t<\/div>\n\t\t<\/div>\n\t\t\t\t\t<\/div>\n\t\t<\/section>\n\t\t\t\t<section class=\"elementor-section elementor-top-section elementor-element elementor-element-34633d6 elementor-section-boxed elementor-section-height-default elementor-section-height-default\" data-id=\"34633d6\" data-element_type=\"section\">\n\t\t\t\t\t\t<div class=\"elementor-container elementor-column-gap-default\">\n\t\t\t\t\t<div class=\"elementor-column elementor-col-100 elementor-top-column elementor-element elementor-element-b2cb0fc\" data-id=\"b2cb0fc\" data-element_type=\"column\">\n\t\t\t<div class=\"elementor-widget-wrap elementor-element-populated\">\n\t\t\t\t\t\t<div class=\"elementor-element elementor-element-1f3edd3 elementor-widget elementor-widget-spacer\" data-id=\"1f3edd3\" data-element_type=\"widget\" data-widget_type=\"spacer.default\">\n\t\t\t\t<div class=\"elementor-widget-container\">\n\t\t\t\t\t\t\t<div class=\"elementor-spacer\">\n\t\t\t<div class=\"elementor-spacer-inner\"><\/div>\n\t\t<\/div>\n\t\t\t\t\t\t<\/div>\n\t\t\t\t<\/div>\n\t\t\t\t\t<\/div>\n\t\t<\/div>\n\t\t\t\t\t<\/div>\n\t\t<\/section>\n\t\t\t\t<section class=\"elementor-section elementor-top-section elementor-element elementor-element-dc93e9b elementor-section-boxed elementor-section-height-default elementor-section-height-default\" data-id=\"dc93e9b\" data-element_type=\"section\">\n\t\t\t\t\t\t<div class=\"elementor-container elementor-column-gap-default\">\n\t\t\t\t\t<div class=\"elementor-column elementor-col-33 elementor-top-column elementor-element elementor-element-8bc7eba\" data-id=\"8bc7eba\" data-element_type=\"column\">\n\t\t\t<div class=\"elementor-widget-wrap elementor-element-populated\">\n\t\t\t\t\t\t<div class=\"elementor-element elementor-element-ce3b667 elementor-widget elementor-widget-heading\" data-id=\"ce3b667\" data-element_type=\"widget\" data-widget_type=\"heading.default\">\n\t\t\t\t<div class=\"elementor-widget-container\">\n\t\t\t\t\t<h2 class=\"elementor-heading-title elementor-size-default\">\u00a1Lev\u00e1ntate con nosotros!<\/h2>\t\t\t\t<\/div>\n\t\t\t\t<\/div>\n\t\t\t\t\t<\/div>\n\t\t<\/div>\n\t\t\t\t<div class=\"elementor-column elementor-col-66 elementor-top-column elementor-element elementor-element-1a9b7c8\" data-id=\"1a9b7c8\" data-element_type=\"column\">\n\t\t\t<div class=\"elementor-widget-wrap elementor-element-populated\">\n\t\t\t\t\t\t<div class=\"elementor-element elementor-element-597f590 elementor-widget elementor-widget-text-editor\" data-id=\"597f590\" data-element_type=\"widget\" data-widget_type=\"text-editor.default\">\n\t\t\t\t<div class=\"elementor-widget-container\">\n\t\t\t\t\t\t\t\t\t<p>Las peque\u00f1as empresas enfrentan varios desaf\u00edos para mantenerse en el negocio y nuestro objetivo es brindarles asistencia para ayudarlos a iniciar, sostener y crecer.<\/p><p><strong>Los eventos, organizaciones y recursos a continuaci\u00f3n pueden ayudarlo con:<\/strong><\/p><ul><li>Formaci\u00f3n y coaching empresarial.<\/li><li>Acceso a la capital<\/li><li>Identificar departamentos de la ciudad y el condado que ayudan a las empresas<\/li><\/ul>\t\t\t\t\t\t\t\t<\/div>\n\t\t\t\t<\/div>\n\t\t\t\t\t<\/div>\n\t\t<\/div>\n\t\t\t\t\t<\/div>\n\t\t<\/section>\n\t\t\t\t<section class=\"elementor-section elementor-top-section elementor-element elementor-element-d29bf2b elementor-section-boxed elementor-section-height-default elementor-section-height-default\" data-id=\"d29bf2b\" data-element_type=\"section\" data-settings=\"{&quot;background_background&quot;:&quot;classic&quot;}\">\n\t\t\t\t\t\t<div class=\"elementor-container elementor-column-gap-default\">\n\t\t\t\t\t<div class=\"elementor-column elementor-col-100 elementor-top-column elementor-element elementor-element-cf4d82a\" data-id=\"cf4d82a\" data-element_type=\"column\">\n\t\t\t<div class=\"elementor-widget-wrap elementor-element-populated\">\n\t\t\t\t\t\t<div class=\"elementor-element elementor-element-2573cd2 elementor-widget elementor-widget-spacer\" data-id=\"2573cd2\" data-element_type=\"widget\" data-widget_type=\"spacer.default\">\n\t\t\t\t<div class=\"elementor-widget-container\">\n\t\t\t\t\t\t\t<div class=\"elementor-spacer\">\n\t\t\t<div class=\"elementor-spacer-inner\"><\/div>\n\t\t<\/div>\n\t\t\t\t\t\t<\/div>\n\t\t\t\t<\/div>\n\t\t\t\t\t<\/div>\n\t\t<\/div>\n\t\t\t\t\t<\/div>\n\t\t<\/section>\n\t\t\t\t<section class=\"elementor-section elementor-top-section elementor-element elementor-element-7125cc8 elementor-section-boxed elementor-section-height-default elementor-section-height-default\" data-id=\"7125cc8\" data-element_type=\"section\" data-settings=\"{&quot;background_background&quot;:&quot;classic&quot;}\">\n\t\t\t\t\t\t<div class=\"elementor-container elementor-column-gap-default\">\n\t\t\t\t\t<div class=\"elementor-column elementor-col-100 elementor-top-column elementor-element elementor-element-ac7adfc\" data-id=\"ac7adfc\" data-element_type=\"column\">\n\t\t\t<div class=\"elementor-widget-wrap elementor-element-populated\">\n\t\t\t\t\t\t<div class=\"elementor-element elementor-element-fc63624 elementor-widget elementor-widget-text-editor\" data-id=\"fc63624\" data-element_type=\"widget\" data-widget_type=\"text-editor.default\">\n\t\t\t\t<div class=\"elementor-widget-container\">\n\t\t\t\t\t\t\t\t\t<h3>Due\u00f1os de negocios<\/h3>\n<br \/>\nWatts Rising tambi\u00e9n tendr\u00e1 oportunidades de subcontrataci\u00f3n creadas por nuestros 24 proyectos de infraestructura clim\u00e1tica.\t\t\t\t\t\t\t\t<\/div>\n\t\t\t\t<\/div>\n\t\t\t\t\t<\/div>\n\t\t<\/div>\n\t\t\t\t\t<\/div>\n\t\t<\/section>\n\t\t\t\t<section class=\"elementor-section elementor-top-section elementor-element elementor-element-d9b8798 elementor-section-boxed elementor-section-height-default elementor-section-height-default\" data-id=\"d9b8798\" data-element_type=\"section\" data-settings=\"{&quot;background_background&quot;:&quot;classic&quot;}\">\n\t\t\t\t\t\t<div class=\"elementor-container elementor-column-gap-default\">\n\t\t\t\t\t<div class=\"elementor-column elementor-col-100 elementor-top-column elementor-element elementor-element-147e28c\" data-id=\"147e28c\" data-element_type=\"column\">\n\t\t\t<div class=\"elementor-widget-wrap elementor-element-populated\">\n\t\t\t\t\t\t<div class=\"elementor-element elementor-element-cb3f7d0 elementor-widget elementor-widget-watts-accordion\" data-id=\"cb3f7d0\" data-element_type=\"widget\" data-widget_type=\"watts-accordion.default\">\n\t\t\t\t<div class=\"elementor-widget-container\">\n\t\t\t\t\t\n<div class=\"watts-accordion service-accordion\">\n    <div class=\"accordion\" id=\"accordionExample\">\n        <div class=\"watts-accordion-card\">\n            <div class=\"watts-accordion-card-header service-accordion-card-header service-accordion-card-header  collapsed\" id=\"heading-1\" type=\"button\" data-toggle=\"collapse\" data-target=\"#collapse-1\" aria-expanded=\"true\" aria-controls=\"collapse-1\">\n                <div class=\"text-left watts-accordion-header\">\n                    Watts Rising Collaborative: solicite oportunidades de subcontrataci\u00f3n                <\/div>\n            <\/div>\n\n            <div id=\"collapse-1\" class=\"collapse\" aria-labelledby=\"heading-1\" data-parent=\"#accordionExample\">\n                <div class=\"watts-accordion-card-body\">\n                    <p>HACLA - <a href=\"http:\/\/home.hacla.org\/s3businessresources\" target=\"_blank\" rel=\"noopener\">http:\/\/home.hacla.org\/s3businessresources<\/a><\/p><p>\u00a0<\/p>                <\/div>\n            <\/div>\n        <\/div>\n    <\/div>\n<\/div>\n\t\t\t\t<\/div>\n\t\t\t\t<\/div>\n\t\t\t\t\t<\/div>\n\t\t<\/div>\n\t\t\t\t\t<\/div>\n\t\t<\/section>\n\t\t\t\t<section class=\"elementor-section elementor-top-section elementor-element elementor-element-566519b elementor-section-boxed elementor-section-height-default elementor-section-height-default\" data-id=\"566519b\" data-element_type=\"section\" data-settings=\"{&quot;background_background&quot;:&quot;classic&quot;}\">\n\t\t\t\t\t\t<div class=\"elementor-container elementor-column-gap-default\">\n\t\t\t\t\t<div class=\"elementor-column elementor-col-100 elementor-top-column elementor-element elementor-element-3ec4d0f\" data-id=\"3ec4d0f\" data-element_type=\"column\">\n\t\t\t<div class=\"elementor-widget-wrap elementor-element-populated\">\n\t\t\t\t\t\t<div class=\"elementor-element elementor-element-8b360f1 elementor-widget elementor-widget-watts-accordion\" data-id=\"8b360f1\" data-element_type=\"widget\" data-widget_type=\"watts-accordion.default\">\n\t\t\t\t<div class=\"elementor-widget-container\">\n\t\t\t\t\t\n<div class=\"watts-accordion service-accordion\">\n    <div class=\"accordion\" id=\"accordionExample\">\n        <div class=\"watts-accordion-card\">\n            <div class=\"watts-accordion-card-header service-accordion-card-header service-accordion-card-header  collapsed\" id=\"heading-2\" type=\"button\" data-toggle=\"collapse\" data-target=\"#collapse-2\" aria-expanded=\"true\" aria-controls=\"collapse-2\">\n                <div class=\"text-left watts-accordion-header\">\n                    Ciudad de Los \u00c1ngeles                <\/div>\n            <\/div>\n\n            <div id=\"collapse-2\" class=\"collapse\" aria-labelledby=\"heading-2\" data-parent=\"#accordionExample\">\n                <div class=\"watts-accordion-card-body\">\n                    <ul><li><a href=\"http:\/\/www.vsedc.org\/business-source-center\" target=\"_blank\" rel=\"noopener\">Centro BusinessSource de Los \u00c1ngeles<\/a> operado por Vermont Slauson Economic Development Corporation<\/li><li><a href=\"https:\/\/www.lacovidfund.org\/\" target=\"_blank\" rel=\"noopener\">Fondo de Recuperaci\u00f3n COVID19 de Los \u00c1ngeles<\/a> - subvenciones y pr\u00e9stamos a peque\u00f1as empresas y organizaciones sin fines de lucro que se han visto afectadas negativamente por las regulaciones de contenci\u00f3n de la pandemia de coronavirus.<\/li><li><a href=\"https:\/\/business.lacity.org\/\" target=\"_blank\" rel=\"noopener\">Portal de Negocios<\/a>\u00a0- diversos recursos para ayudarle en sus necesidades comerciales.<\/li><li><a href=\"https:\/\/pledgela.org\/southlafund\/\" target=\"_blank\" rel=\"noopener\">Fondo PledgeLA<\/a> para los fundadores del sur de Los \u00c1ngeles<\/li><li><a href=\"https:\/\/business.lacity.org\/resources\/mayors-office-community-business\" target=\"_blank\" rel=\"noopener\">Oficina del Alcalde de Negocios Comunitarios<\/a><\/li><\/ul>                <\/div>\n            <\/div>\n        <\/div>\n    <\/div>\n<\/div>\n\t\t\t\t<\/div>\n\t\t\t\t<\/div>\n\t\t\t\t\t<\/div>\n\t\t<\/div>\n\t\t\t\t\t<\/div>\n\t\t<\/section>\n\t\t\t\t<section class=\"elementor-section elementor-top-section elementor-element elementor-element-b72f370 elementor-section-boxed elementor-section-height-default elementor-section-height-default\" data-id=\"b72f370\" data-element_type=\"section\" data-settings=\"{&quot;background_background&quot;:&quot;classic&quot;}\">\n\t\t\t\t\t\t<div class=\"elementor-container elementor-column-gap-default\">\n\t\t\t\t\t<div class=\"elementor-column elementor-col-100 elementor-top-column elementor-element elementor-element-880c8bb\" data-id=\"880c8bb\" data-element_type=\"column\">\n\t\t\t<div class=\"elementor-widget-wrap elementor-element-populated\">\n\t\t\t\t\t\t<div class=\"elementor-element elementor-element-35b023f elementor-widget elementor-widget-watts-accordion\" data-id=\"35b023f\" data-element_type=\"widget\" data-widget_type=\"watts-accordion.default\">\n\t\t\t\t<div class=\"elementor-widget-container\">\n\t\t\t\t\t\n<div class=\"watts-accordion service-accordion\">\n    <div class=\"accordion\" id=\"accordionExample\">\n        <div class=\"watts-accordion-card\">\n            <div class=\"watts-accordion-card-header service-accordion-card-header service-accordion-card-header  collapsed\" id=\"heading-3\" type=\"button\" data-toggle=\"collapse\" data-target=\"#collapse-3\" aria-expanded=\"true\" aria-controls=\"collapse-3\">\n                <div class=\"text-left watts-accordion-header\">\n                    Condado de Los \u00c1ngeles                <\/div>\n            <\/div>\n\n            <div id=\"collapse-3\" class=\"collapse\" aria-labelledby=\"heading-3\" data-parent=\"#accordionExample\">\n                <div class=\"watts-accordion-card-body\">\n                    <ul><li><a href=\"http:\/\/dcba.lacounty.gov\/wp-content\/uploads\/2018\/01\/LACountySmallBusinessResourceGuide.pdf\" target=\"_blank\" rel=\"noopener\">Gu\u00eda de recursos para peque\u00f1as empresas<\/a><br \/><a href=\"http:\/\/dcba.lacounty.gov\/small-business-services\/\" target=\"_blank\" rel=\"noopener\">Departamento de Asuntos del Consumidor y Empresas<\/a><\/li><\/ul>                <\/div>\n            <\/div>\n        <\/div>\n    <\/div>\n<\/div>\n\t\t\t\t<\/div>\n\t\t\t\t<\/div>\n\t\t\t\t\t<\/div>\n\t\t<\/div>\n\t\t\t\t\t<\/div>\n\t\t<\/section>\n\t\t\t\t<section class=\"elementor-section elementor-top-section elementor-element elementor-element-de68561 elementor-section-boxed elementor-section-height-default elementor-section-height-default\" data-id=\"de68561\" data-element_type=\"section\" data-settings=\"{&quot;background_background&quot;:&quot;classic&quot;}\">\n\t\t\t\t\t\t<div class=\"elementor-container elementor-column-gap-default\">\n\t\t\t\t\t<div class=\"elementor-column elementor-col-100 elementor-top-column elementor-element elementor-element-f8d9d3c\" data-id=\"f8d9d3c\" data-element_type=\"column\">\n\t\t\t<div class=\"elementor-widget-wrap elementor-element-populated\">\n\t\t\t\t\t\t<div class=\"elementor-element elementor-element-15372b7 elementor-widget elementor-widget-watts-accordion\" data-id=\"15372b7\" data-element_type=\"widget\" data-widget_type=\"watts-accordion.default\">\n\t\t\t\t<div class=\"elementor-widget-container\">\n\t\t\t\t\t\n<div class=\"watts-accordion service-accordion\">\n    <div class=\"accordion\" id=\"accordionExample\">\n        <div class=\"watts-accordion-card\">\n            <div class=\"watts-accordion-card-header service-accordion-card-header service-accordion-card-header  collapsed\" id=\"heading-4\" type=\"button\" data-toggle=\"collapse\" data-target=\"#collapse-4\" aria-expanded=\"true\" aria-controls=\"collapse-4\">\n                <div class=\"text-left watts-accordion-header\">\n                    C\u00e1mara de Comercio del Sur de Los \u00c1ngeles                <\/div>\n            <\/div>\n\n            <div id=\"collapse-4\" class=\"collapse\" aria-labelledby=\"heading-4\" data-parent=\"#accordionExample\">\n                <div class=\"watts-accordion-card-body\">\n                    <ul><li><span style=\"font-weight: 400;\"><a href=\"http:\/\/www.lasouthchamber.com\/\" target=\"_blank\" rel=\"noopener\">LASouthchamber.com<\/a> - Networking, tutor\u00eda, acceso a capital, importaci\u00f3n\/exportaci\u00f3n.<\/span><\/li><\/ul>                <\/div>\n            <\/div>\n        <\/div>\n    <\/div>\n<\/div>\n\t\t\t\t<\/div>\n\t\t\t\t<\/div>\n\t\t\t\t\t<\/div>\n\t\t<\/div>\n\t\t\t\t\t<\/div>\n\t\t<\/section>\n\t\t\t\t<section class=\"elementor-section elementor-top-section elementor-element elementor-element-a6a018b elementor-section-boxed elementor-section-height-default elementor-section-height-default\" data-id=\"a6a018b\" data-element_type=\"section\" data-settings=\"{&quot;background_background&quot;:&quot;classic&quot;}\">\n\t\t\t\t\t\t<div class=\"elementor-container elementor-column-gap-default\">\n\t\t\t\t\t<div class=\"elementor-column elementor-col-100 elementor-top-column elementor-element elementor-element-39b2ca5\" data-id=\"39b2ca5\" data-element_type=\"column\">\n\t\t\t<div class=\"elementor-widget-wrap elementor-element-populated\">\n\t\t\t\t\t\t<div class=\"elementor-element elementor-element-55aefc0 elementor-widget elementor-widget-watts-accordion\" data-id=\"55aefc0\" data-element_type=\"widget\" data-widget_type=\"watts-accordion.default\">\n\t\t\t\t<div class=\"elementor-widget-container\">\n\t\t\t\t\t\n<div class=\"watts-accordion service-accordion\">\n    <div class=\"accordion\" id=\"accordionExample\">\n        <div class=\"watts-accordion-card\">\n            <div class=\"watts-accordion-card-header service-accordion-card-header service-accordion-card-header  collapsed\" id=\"heading-5\" type=\"button\" data-toggle=\"collapse\" data-target=\"#collapse-5\" aria-expanded=\"true\" aria-controls=\"collapse-5\">\n                <div class=\"text-left watts-accordion-header\">\n                    Acci\u00f3n inclusiva para la ciudad                <\/div>\n            <\/div>\n\n            <div id=\"collapse-5\" class=\"collapse\" aria-labelledby=\"heading-5\" data-parent=\"#accordionExample\">\n                <div class=\"watts-accordion-card-body\">\n                    <ul><li><span style=\"font-weight: 400;\"><a href=\"https:\/\/www.inclusiveaction.org\/\" target=\"_blank\" rel=\"noopener\">Acci\u00f3nInclusiva.org<\/a> - Microcr\u00e9ditos para microempresas y peque\u00f1as empresas<\/span><\/li><\/ul>                <\/div>\n            <\/div>\n        <\/div>\n    <\/div>\n<\/div>\n\t\t\t\t<\/div>\n\t\t\t\t<\/div>\n\t\t\t\t\t<\/div>\n\t\t<\/div>\n\t\t\t\t\t<\/div>\n\t\t<\/section>\n\t\t\t\t<\/div>","protected":false},"excerpt":{"rendered":"<p>Recursos comerciales Con el cambio que se avecina en Watts a trav\u00e9s de inversiones como TCC, Watts Rising apunta...<\/p>","protected":false},"author":3,"featured_media":0,"parent":423,"menu_order":0,"comment_status":"closed","ping_status":"closed","template":"","meta":{"_acf_changed":false,"footnotes":""},"class_list":["post-447","page","type-page","status-publish","hentry"],"acf":[],"jetpack_sharing_enabled":true,"_links":{"self":[{"href":"https:\/\/www.wattsrising.org\/es\/wp-json\/wp\/v2\/pages\/447","targetHints":{"allow":["GET"]}}],"collection":[{"href":"https:\/\/www.wattsrising.org\/es\/wp-json\/wp\/v2\/pages"}],"about":[{"href":"https:\/\/www.wattsrising.org\/es\/wp-json\/wp\/v2\/types\/page"}],"author":[{"embeddable":true,"href":"https:\/\/www.wattsrising.org\/es\/wp-json\/wp\/v2\/users\/3"}],"replies":[{"embeddable":true,"href":"https:\/\/www.wattsrising.org\/es\/wp-json\/wp\/v2\/comments?post=447"}],"version-history":[{"count":0,"href":"https:\/\/www.wattsrising.org\/es\/wp-json\/wp\/v2\/pages\/447\/revisions"}],"up":[{"embeddable":true,"href":"https:\/\/www.wattsrising.org\/es\/wp-json\/wp\/v2\/pages\/423"}],"wp:attachment":[{"href":"https:\/\/www.wattsrising.org\/es\/wp-json\/wp\/v2\/media?parent=447"}],"curies":[{"name":"gracias","href":"https:\/\/api.w.org\/{rel}","templated":true}]}}