{"id":450,"date":"2023-01-28T15:03:17","date_gmt":"2023-01-28T15:03:17","guid":{"rendered":"https:\/\/www.wattsrising.org\/?page_id=450"},"modified":"2025-04-17T19:24:03","modified_gmt":"2025-04-17T19:24:03","slug":"renters-and-homeowners","status":"publish","type":"page","link":"https:\/\/www.wattsrising.org\/es\/anti-displacement\/renters-and-homeowners\/","title":{"rendered":"Inquilinos y propietarios"},"content":{"rendered":"<div data-elementor-type=\"wp-page\" data-elementor-id=\"450\" class=\"elementor elementor-450\">\n\t\t\t\t\t\t<section class=\"elementor-section elementor-top-section elementor-element elementor-element-0808f2c elementor-section-boxed elementor-section-height-default elementor-section-height-default\" data-id=\"0808f2c\" data-element_type=\"section\">\n\t\t\t\t\t\t<div class=\"elementor-container elementor-column-gap-default\">\n\t\t\t\t\t<div class=\"elementor-column elementor-col-100 elementor-top-column elementor-element elementor-element-f53542b\" data-id=\"f53542b\" data-element_type=\"column\">\n\t\t\t<div class=\"elementor-widget-wrap elementor-element-populated\">\n\t\t\t\t\t\t<div class=\"elementor-element elementor-element-dc86c41 elementor-widget elementor-widget-hero-section\" data-id=\"dc86c41\" data-element_type=\"widget\" data-widget_type=\"hero-section.default\">\n\t\t\t\t<div class=\"elementor-widget-container\">\n\t\t\t\t\t\n<div class=\"hero-section\">\n    <div class=\"hero-bg-desktop\" style=\"background-image:url(https:\/\/www.wattsrising.org\/wp-content\/uploads\/2023\/02\/renters-homeowners.png)\"><\/div>\n    <img decoding=\"async\" class=\"hero-bg-mobile\" src=\"https:\/\/www.wattsrising.org\/wp-content\/uploads\/2023\/02\/renters-homeowners-mobile.png\"\/>\n    <div class=\"hero-content\">\n                    <h1 class=\"hero-title\">Inquilinos y propietarios<\/h1>\n                            <p class=\"hero-description\">Un \u00e1rea importante de estr\u00e9s y preocupaci\u00f3n para los residentes es el alquiler y el alto costo de vida en Los \u00c1ngeles. Para abordar este problema, el equipo de Prevenci\u00f3n de Desplazamientos de Watts Rising Collaborative ha estado proporcionando a los residentes de Watts numerosos recursos para ayudarlos a permanecer arraigados en su vecindario. <\/p>\n                            <\/div>\n<\/div>\n\t\t\t\t<\/div>\n\t\t\t\t<\/div>\n\t\t\t\t\t<\/div>\n\t\t<\/div>\n\t\t\t\t\t<\/div>\n\t\t<\/section>\n\t\t\t\t<section class=\"elementor-section elementor-top-section elementor-element elementor-element-9ee8073 elementor-section-boxed elementor-section-height-default elementor-section-height-default\" data-id=\"9ee8073\" data-element_type=\"section\">\n\t\t\t\t\t\t<div class=\"elementor-container elementor-column-gap-default\">\n\t\t\t\t\t<div class=\"elementor-column elementor-col-100 elementor-top-column elementor-element elementor-element-9d36fe4\" data-id=\"9d36fe4\" data-element_type=\"column\">\n\t\t\t<div class=\"elementor-widget-wrap elementor-element-populated\">\n\t\t\t\t\t\t<div class=\"elementor-element elementor-element-3884bdd elementor-widget elementor-widget-heading\" data-id=\"3884bdd\" data-element_type=\"widget\" data-widget_type=\"heading.default\">\n\t\t\t\t<div class=\"elementor-widget-container\">\n\t\t\t\t\t<h2 class=\"elementor-heading-title elementor-size-default\">Servicios disponibles:<\/h2>\t\t\t\t<\/div>\n\t\t\t\t<\/div>\n\t\t\t\t\t<\/div>\n\t\t<\/div>\n\t\t\t\t\t<\/div>\n\t\t<\/section>\n\t\t\t\t<section class=\"elementor-section elementor-top-section elementor-element elementor-element-796ed5f elementor-section-boxed elementor-section-height-default elementor-section-height-default\" data-id=\"796ed5f\" data-element_type=\"section\">\n\t\t\t\t\t\t<div class=\"elementor-container elementor-column-gap-default\">\n\t\t\t\t\t<div class=\"elementor-column elementor-col-100 elementor-top-column elementor-element elementor-element-469eaf6\" data-id=\"469eaf6\" data-element_type=\"column\" data-settings=\"{&quot;background_background&quot;:&quot;classic&quot;}\">\n\t\t\t<div class=\"elementor-widget-wrap elementor-element-populated\">\n\t\t\t\t\t\t<section class=\"elementor-section elementor-inner-section elementor-element elementor-element-9de8c6f elementor-section-boxed elementor-section-height-default elementor-section-height-default\" data-id=\"9de8c6f\" data-element_type=\"section\">\n\t\t\t\t\t\t<div class=\"elementor-container elementor-column-gap-default\">\n\t\t\t\t\t<div class=\"elementor-column elementor-col-33 elementor-inner-column elementor-element elementor-element-c4aa5bb\" data-id=\"c4aa5bb\" data-element_type=\"column\" data-settings=\"{&quot;background_background&quot;:&quot;classic&quot;}\">\n\t\t\t<div class=\"elementor-widget-wrap elementor-element-populated\">\n\t\t\t\t\t\t<div class=\"elementor-element elementor-element-a6a9c6a elementor-widget elementor-widget-image\" data-id=\"a6a9c6a\" data-element_type=\"widget\" data-widget_type=\"image.default\">\n\t\t\t\t<div class=\"elementor-widget-container\">\n\t\t\t\t\t\t\t\t\t\t\t\t\t\t\t<img decoding=\"async\" width=\"81\" height=\"81\" src=\"https:\/\/www.wattsrising.org\/wp-content\/uploads\/2023\/01\/Mask-group-8.png\" class=\"attachment-large size-large wp-image-457\" alt=\"\" \/>\t\t\t\t\t\t\t\t\t\t\t\t\t\t\t<\/div>\n\t\t\t\t<\/div>\n\t\t\t\t<div class=\"elementor-element elementor-element-975d3e8 elementor-widget elementor-widget-heading\" data-id=\"975d3e8\" data-element_type=\"widget\" data-widget_type=\"heading.default\">\n\t\t\t\t<div class=\"elementor-widget-container\">\n\t\t\t\t\t<h2 class=\"elementor-heading-title elementor-size-default\">Talleres Antidesplazamiento<\/h2>\t\t\t\t<\/div>\n\t\t\t\t<\/div>\n\t\t\t\t\t<\/div>\n\t\t<\/div>\n\t\t\t\t<div class=\"elementor-column elementor-col-33 elementor-inner-column elementor-element elementor-element-3b0967f\" data-id=\"3b0967f\" data-element_type=\"column\" data-settings=\"{&quot;background_background&quot;:&quot;classic&quot;}\">\n\t\t\t<div class=\"elementor-widget-wrap elementor-element-populated\">\n\t\t\t\t\t\t<div class=\"elementor-element elementor-element-ff35972 elementor-widget elementor-widget-image\" data-id=\"ff35972\" data-element_type=\"widget\" data-widget_type=\"image.default\">\n\t\t\t\t<div class=\"elementor-widget-container\">\n\t\t\t\t\t\t\t\t\t\t\t\t\t\t\t<img decoding=\"async\" width=\"70\" height=\"70\" src=\"https:\/\/www.wattsrising.org\/wp-content\/uploads\/2023\/01\/Mask-group-9.png\" class=\"attachment-large size-large wp-image-458\" alt=\"\" \/>\t\t\t\t\t\t\t\t\t\t\t\t\t\t\t<\/div>\n\t\t\t\t<\/div>\n\t\t\t\t<div class=\"elementor-element elementor-element-baabcbe elementor-widget elementor-widget-heading\" data-id=\"baabcbe\" data-element_type=\"widget\" data-widget_type=\"heading.default\">\n\t\t\t\t<div class=\"elementor-widget-container\">\n\t\t\t\t\t<h2 class=\"elementor-heading-title elementor-size-default\">Asistencia para la solicitud de vivienda<\/h2>\t\t\t\t<\/div>\n\t\t\t\t<\/div>\n\t\t\t\t\t<\/div>\n\t\t<\/div>\n\t\t\t\t<div class=\"elementor-column elementor-col-33 elementor-inner-column elementor-element elementor-element-f133d85\" data-id=\"f133d85\" data-element_type=\"column\" data-settings=\"{&quot;background_background&quot;:&quot;classic&quot;}\">\n\t\t\t<div class=\"elementor-widget-wrap elementor-element-populated\">\n\t\t\t\t\t\t<div class=\"elementor-element elementor-element-3e46acd elementor-widget elementor-widget-image\" data-id=\"3e46acd\" data-element_type=\"widget\" data-widget_type=\"image.default\">\n\t\t\t\t<div class=\"elementor-widget-container\">\n\t\t\t\t\t\t\t\t\t\t\t\t\t\t\t<img decoding=\"async\" width=\"81\" height=\"81\" src=\"https:\/\/www.wattsrising.org\/wp-content\/uploads\/2023\/01\/Mask-group-10.png\" class=\"attachment-large size-large wp-image-460\" alt=\"\" \/>\t\t\t\t\t\t\t\t\t\t\t\t\t\t\t<\/div>\n\t\t\t\t<\/div>\n\t\t\t\t<div class=\"elementor-element elementor-element-547e47c elementor-widget elementor-widget-heading\" data-id=\"547e47c\" data-element_type=\"widget\" data-widget_type=\"heading.default\">\n\t\t\t\t<div class=\"elementor-widget-container\">\n\t\t\t\t\t<h2 class=\"elementor-heading-title elementor-size-default\">Educaci\u00f3n financiera<\/h2>\t\t\t\t<\/div>\n\t\t\t\t<\/div>\n\t\t\t\t\t<\/div>\n\t\t<\/div>\n\t\t\t\t\t<\/div>\n\t\t<\/section>\n\t\t\t\t<section class=\"elementor-section elementor-inner-section elementor-element elementor-element-876b521 elementor-section-boxed elementor-section-height-default elementor-section-height-default\" data-id=\"876b521\" data-element_type=\"section\">\n\t\t\t\t\t\t<div class=\"elementor-container elementor-column-gap-default\">\n\t\t\t\t\t<div class=\"elementor-column elementor-col-50 elementor-inner-column elementor-element elementor-element-89b309a\" data-id=\"89b309a\" data-element_type=\"column\" data-settings=\"{&quot;background_background&quot;:&quot;classic&quot;}\">\n\t\t\t<div class=\"elementor-widget-wrap elementor-element-populated\">\n\t\t\t\t\t\t<div class=\"elementor-element elementor-element-11d15ed elementor-widget elementor-widget-image\" data-id=\"11d15ed\" data-element_type=\"widget\" data-widget_type=\"image.default\">\n\t\t\t\t<div class=\"elementor-widget-container\">\n\t\t\t\t\t\t\t\t\t\t\t\t\t\t\t<img loading=\"lazy\" decoding=\"async\" width=\"72\" height=\"73\" src=\"https:\/\/www.wattsrising.org\/wp-content\/uploads\/2023\/01\/Mask-group-11.png\" class=\"attachment-full size-full wp-image-461\" alt=\"\" \/>\t\t\t\t\t\t\t\t\t\t\t\t\t\t\t<\/div>\n\t\t\t\t<\/div>\n\t\t\t\t<div class=\"elementor-element elementor-element-9d55a68 elementor-widget elementor-widget-heading\" data-id=\"9d55a68\" data-element_type=\"widget\" data-widget_type=\"heading.default\">\n\t\t\t\t<div class=\"elementor-widget-container\">\n\t\t\t\t\t<h2 class=\"elementor-heading-title elementor-size-default\">Educaci\u00f3n sobre los derechos de los inquilinos<\/h2>\t\t\t\t<\/div>\n\t\t\t\t<\/div>\n\t\t\t\t\t<\/div>\n\t\t<\/div>\n\t\t\t\t<div class=\"elementor-column elementor-col-50 elementor-inner-column elementor-element elementor-element-07cb82d\" data-id=\"07cb82d\" data-element_type=\"column\" data-settings=\"{&quot;background_background&quot;:&quot;classic&quot;}\">\n\t\t\t<div class=\"elementor-widget-wrap elementor-element-populated\">\n\t\t\t\t\t\t<div class=\"elementor-element elementor-element-189d7a9 elementor-widget elementor-widget-image\" data-id=\"189d7a9\" data-element_type=\"widget\" data-widget_type=\"image.default\">\n\t\t\t\t<div class=\"elementor-widget-container\">\n\t\t\t\t\t\t\t\t\t\t\t\t\t\t\t<img loading=\"lazy\" decoding=\"async\" width=\"78\" height=\"77\" src=\"https:\/\/www.wattsrising.org\/wp-content\/uploads\/2023\/01\/Mask-group-12.png\" class=\"attachment-full size-full wp-image-462\" alt=\"\" \/>\t\t\t\t\t\t\t\t\t\t\t\t\t\t\t<\/div>\n\t\t\t\t<\/div>\n\t\t\t\t<div class=\"elementor-element elementor-element-7fd27ea elementor-widget elementor-widget-heading\" data-id=\"7fd27ea\" data-element_type=\"widget\" data-widget_type=\"heading.default\">\n\t\t\t\t<div class=\"elementor-widget-container\">\n\t\t\t\t\t<h2 class=\"elementor-heading-title elementor-size-default\">Referencias gratuitas para la preparaci\u00f3n de impuestos<\/h2>\t\t\t\t<\/div>\n\t\t\t\t<\/div>\n\t\t\t\t\t<\/div>\n\t\t<\/div>\n\t\t\t\t\t<\/div>\n\t\t<\/section>\n\t\t\t\t\t<\/div>\n\t\t<\/div>\n\t\t\t\t\t<\/div>\n\t\t<\/section>\n\t\t\t\t<section class=\"elementor-section elementor-top-section elementor-element elementor-element-5a3b4d5 elementor-section-boxed elementor-section-height-default elementor-section-height-default\" data-id=\"5a3b4d5\" data-element_type=\"section\">\n\t\t\t\t\t\t<div class=\"elementor-container elementor-column-gap-default\">\n\t\t\t\t\t<div class=\"elementor-column elementor-col-33 elementor-top-column elementor-element elementor-element-14915cd\" data-id=\"14915cd\" data-element_type=\"column\">\n\t\t\t<div class=\"elementor-widget-wrap elementor-element-populated\">\n\t\t\t\t\t\t<div class=\"elementor-element elementor-element-18f7711 elementor-widget elementor-widget-heading\" data-id=\"18f7711\" data-element_type=\"widget\" data-widget_type=\"heading.default\">\n\t\t\t\t<div class=\"elementor-widget-container\">\n\t\t\t\t\t<h2 class=\"elementor-heading-title elementor-size-default\">Servicios de acceso a la vivienda<\/h2>\t\t\t\t<\/div>\n\t\t\t\t<\/div>\n\t\t\t\t\t<\/div>\n\t\t<\/div>\n\t\t\t\t<div class=\"elementor-column elementor-col-66 elementor-top-column elementor-element elementor-element-d03144a\" data-id=\"d03144a\" data-element_type=\"column\">\n\t\t\t<div class=\"elementor-widget-wrap elementor-element-populated\">\n\t\t\t\t\t\t<div class=\"elementor-element elementor-element-e47a7d6 elementor-widget elementor-widget-text-editor\" data-id=\"e47a7d6\" data-element_type=\"widget\" data-widget_type=\"text-editor.default\">\n\t\t\t\t<div class=\"elementor-widget-container\">\n\t\t\t\t\t\t\t\t\t<p>El Equipo Colaborativo de Desplazamiento de Watts Rising ha estado trabajando con Watts\/Century Latino Organization (W\/CLO), una organizaci\u00f3n sin fines de lucro que ha servido a Watts durante 30 a\u00f1os, para prevenir el desplazamiento.<\/p><p>En 2022, el equipo de DAWG facilit\u00f3 los siguientes talleres:<\/p><ul><li style=\"font-weight: 400;\" aria-level=\"1\"><span style=\"font-weight: 400;\">Derechos y educaci\u00f3n de los inquilinos: Pedro Gonz\u00e1lez, investigador de vivienda de LAHD, ense\u00f1\u00f3 a los participantes sobre sus derechos en las \u00e1reas de alquiler, desalojos y protecciones de alquiler por COVID-19.<\/span><\/li><li style=\"font-weight: 400;\" aria-level=\"1\"><span style=\"font-weight: 400;\">El Taller de Prevenci\u00f3n de Desalojos con Servicios de Vivienda Vecinal del Condado de Los \u00c1ngeles y el Taller de Asistencia para la Solicitud de la Loter\u00eda de Lista de Espera de la Secci\u00f3n 8: proporcionaron informaci\u00f3n sobre la Secci\u00f3n 8 y ayudaron a las personas a completar la solicitud en l\u00ednea.\u00a0<\/span><\/li><li style=\"font-weight: 400;\" aria-level=\"1\"><span style=\"font-weight: 400;\">Taller de asistencia de servicios p\u00fablicos y mejoras del hogar: los residentes se inscribieron para recibir asistencia a trav\u00e9s del programa PACE\/HEAP y aprendieron sobre las oportunidades de mejoras del hogar disponibles (es decir, instalaciones de paneles solares a trav\u00e9s de <\/span><span style=\"font-weight: 400;\">Alternativas de red<\/span><span style=\"font-weight: 400;\">, <\/span><span style=\"font-weight: 400;\">Lead Hazard Remediation Program a trav\u00e9s de LAHD y el Programa de Mejoras de Eficiencia Energ\u00e9tica de Habitat LA).\u00a0<\/span><\/li><\/ul><p>El equipo de Prevenci\u00f3n de Desplazamiento de Watts Rising Collaborative se dedica a brindar recursos y programas a los residentes de Watts. Para obtener m\u00e1s informaci\u00f3n sobre los pr\u00f3ximos programas de acceso a la vivienda y recursos \u00fatiles, consulte nuestro <a href=\"https:\/\/www.wattsrising.org\/es\/events\/\">P\u00e1gina de eventos<\/a>.<\/p>\t\t\t\t\t\t\t\t<\/div>\n\t\t\t\t<\/div>\n\t\t\t\t\t<\/div>\n\t\t<\/div>\n\t\t\t\t\t<\/div>\n\t\t<\/section>\n\t\t\t\t<section class=\"elementor-section elementor-top-section elementor-element elementor-element-43c88e4 elementor-section-boxed elementor-section-height-default elementor-section-height-default\" data-id=\"43c88e4\" data-element_type=\"section\">\n\t\t\t\t\t\t<div class=\"elementor-container elementor-column-gap-default\">\n\t\t\t\t\t<div class=\"elementor-column elementor-col-33 elementor-top-column elementor-element elementor-element-118100d\" data-id=\"118100d\" data-element_type=\"column\">\n\t\t\t<div class=\"elementor-widget-wrap elementor-element-populated\">\n\t\t\t\t\t\t<div class=\"elementor-element elementor-element-ae91bdb elementor-widget elementor-widget-heading\" data-id=\"ae91bdb\" data-element_type=\"widget\" data-widget_type=\"heading.default\">\n\t\t\t\t<div class=\"elementor-widget-container\">\n\t\t\t\t\t<h2 class=\"elementor-heading-title elementor-size-default\">Educaci\u00f3n financiera<\/h2>\t\t\t\t<\/div>\n\t\t\t\t<\/div>\n\t\t\t\t\t<\/div>\n\t\t<\/div>\n\t\t\t\t<div class=\"elementor-column elementor-col-66 elementor-top-column elementor-element elementor-element-b00afa6\" data-id=\"b00afa6\" data-element_type=\"column\">\n\t\t\t<div class=\"elementor-widget-wrap elementor-element-populated\">\n\t\t\t\t\t\t<div class=\"elementor-element elementor-element-7e12901 elementor-widget elementor-widget-text-editor\" data-id=\"7e12901\" data-element_type=\"widget\" data-widget_type=\"text-editor.default\">\n\t\t\t\t<div class=\"elementor-widget-container\">\n\t\t\t\t\t\t\t\t\t<p><span style=\"caret-color: #000000; color: #000000; white-space: pre-wrap;\">Aumentar los ingresos familiares y reducir los gastos es una herramienta importante para ayudar a disminuir el desplazamiento. La Organizaci\u00f3n Latina Watts\/Century se ha asociado con Haven Neighborhood Services y la Alianza para la Inclusi\u00f3n Econ\u00f3mica para fomentar la educaci\u00f3n financiera en Watts. Los objetivos incluyen promover la seguridad econ\u00f3mica de los residentes mediante diversos talleres de educaci\u00f3n financiera, especialmente para hogares, vecindarios y peque\u00f1as empresas de ingresos bajos y moderados. Los temas de los talleres incluyen: administraci\u00f3n del dinero, presupuesto y ahorro, conocimientos bancarios, gesti\u00f3n de deudas, desarrollo y gesti\u00f3n de su cr\u00e9dito, protecci\u00f3n de su identidad y patrimonio, preparaci\u00f3n financiera para la compra de una vivienda, preparaci\u00f3n y recuperaci\u00f3n financiera, \u00a1y mucho m\u00e1s! En 2023, la asociaci\u00f3n organizar\u00e1 eventos gratuitos de preparaci\u00f3n de impuestos para ayudar a los residentes de Watts a acceder a los reembolsos de impuestos a los que puedan tener derecho. <\/span><\/p>\n<p>Visite el siguiente enlace para registrarse y ser agregado a nuestra lista de interesados para que podamos llamarlo a <a href=\"https:\/\/docs.google.com\/forms\/d\/e\/1FAIpQLSdgc5bedNmmRAiUUtCxkW6cuJH0gAlbOkRQNylDdmyEZHL4DQ\/viewform\" target=\"_blank\" rel=\"noopener\">Haga una cita.<\/a><\/p>\t\t\t\t\t\t\t\t<\/div>\n\t\t\t\t<\/div>\n\t\t\t\t\t<\/div>\n\t\t<\/div>\n\t\t\t\t\t<\/div>\n\t\t<\/section>\n\t\t\t\t<\/div>","protected":false},"excerpt":{"rendered":"<p>Inquilinos y propietarios de viviendas Un \u00e1rea importante de estr\u00e9s y preocupaci\u00f3n para los residentes es el alquiler y...<\/p>","protected":false},"author":3,"featured_media":0,"parent":423,"menu_order":0,"comment_status":"closed","ping_status":"closed","template":"","meta":{"_acf_changed":false,"footnotes":""},"class_list":["post-450","page","type-page","status-publish","hentry"],"acf":[],"jetpack_sharing_enabled":true,"_links":{"self":[{"href":"https:\/\/www.wattsrising.org\/es\/wp-json\/wp\/v2\/pages\/450","targetHints":{"allow":["GET"]}}],"collection":[{"href":"https:\/\/www.wattsrising.org\/es\/wp-json\/wp\/v2\/pages"}],"about":[{"href":"https:\/\/www.wattsrising.org\/es\/wp-json\/wp\/v2\/types\/page"}],"author":[{"embeddable":true,"href":"https:\/\/www.wattsrising.org\/es\/wp-json\/wp\/v2\/users\/3"}],"replies":[{"embeddable":true,"href":"https:\/\/www.wattsrising.org\/es\/wp-json\/wp\/v2\/comments?post=450"}],"version-history":[{"count":0,"href":"https:\/\/www.wattsrising.org\/es\/wp-json\/wp\/v2\/pages\/450\/revisions"}],"up":[{"embeddable":true,"href":"https:\/\/www.wattsrising.org\/es\/wp-json\/wp\/v2\/pages\/423"}],"wp:attachment":[{"href":"https:\/\/www.wattsrising.org\/es\/wp-json\/wp\/v2\/media?parent=450"}],"curies":[{"name":"gracias","href":"https:\/\/api.w.org\/{rel}","templated":true}]}}