{"id":498,"date":"2023-02-10T22:25:06","date_gmt":"2023-02-10T22:25:06","guid":{"rendered":"https:\/\/www.wattsrising.org\/?page_id=498"},"modified":"2024-10-03T18:34:43","modified_gmt":"2024-10-03T18:34:43","slug":"jobs-opportunities","status":"publish","type":"page","link":"https:\/\/www.wattsrising.org\/es\/jobs-opportunities\/","title":{"rendered":"Empleos y oportunidades"},"content":{"rendered":"<p>Watts Rising tiene como objetivo garantizar que los residentes de Watts tengan acceso a oportunidades de negocios y empleos bien remunerados en la econom\u00eda verde creados por los socios de Watts Rising, los departamentos del gobierno de la ciudad de Los \u00c1ngeles y nuestra amplia gama de socios en construcci\u00f3n y tecnolog\u00eda limpia. , administraci\u00f3n sin fines de lucro y m\u00e1s.<\/p>","protected":false},"excerpt":{"rendered":"<p>Watts Rising tiene como objetivo garantizar que los residentes de Watts tengan acceso a empleos bien remunerados en la econom\u00eda verde...<\/p>","protected":false},"author":3,"featured_media":534,"parent":0,"menu_order":0,"comment_status":"closed","ping_status":"closed","template":"templates\/jobs-and-opportunities.php","meta":{"_acf_changed":false,"footnotes":""},"class_list":["post-498","page","type-page","status-publish","has-post-thumbnail","hentry"],"acf":[],"jetpack_sharing_enabled":true,"_links":{"self":[{"href":"https:\/\/www.wattsrising.org\/es\/wp-json\/wp\/v2\/pages\/498","targetHints":{"allow":["GET"]}}],"collection":[{"href":"https:\/\/www.wattsrising.org\/es\/wp-json\/wp\/v2\/pages"}],"about":[{"href":"https:\/\/www.wattsrising.org\/es\/wp-json\/wp\/v2\/types\/page"}],"author":[{"embeddable":true,"href":"https:\/\/www.wattsrising.org\/es\/wp-json\/wp\/v2\/users\/3"}],"replies":[{"embeddable":true,"href":"https:\/\/www.wattsrising.org\/es\/wp-json\/wp\/v2\/comments?post=498"}],"version-history":[{"count":0,"href":"https:\/\/www.wattsrising.org\/es\/wp-json\/wp\/v2\/pages\/498\/revisions"}],"wp:featuredmedia":[{"embeddable":true,"href":"https:\/\/www.wattsrising.org\/es\/wp-json\/wp\/v2\/media\/534"}],"wp:attachment":[{"href":"https:\/\/www.wattsrising.org\/es\/wp-json\/wp\/v2\/media?parent=498"}],"curies":[{"name":"gracias","href":"https:\/\/api.w.org\/{rel}","templated":true}]}}