{"id":60,"date":"2022-11-22T23:00:19","date_gmt":"2022-11-22T23:00:19","guid":{"rendered":"https:\/\/www.wattsrising.org\/?page_id=60"},"modified":"2025-04-17T19:45:44","modified_gmt":"2025-04-17T19:45:44","slug":"our-impact","status":"publish","type":"page","link":"https:\/\/www.wattsrising.org\/es\/our-impact\/","title":{"rendered":"Nuestro impacto"},"content":{"rendered":"<div data-elementor-type=\"wp-page\" data-elementor-id=\"60\" class=\"elementor elementor-60\">\n\t\t\t\t\t\t<section class=\"elementor-section elementor-top-section elementor-element elementor-element-01d97b8 elementor-section-boxed elementor-section-height-default elementor-section-height-default\" data-id=\"01d97b8\" data-element_type=\"section\">\n\t\t\t\t\t\t<div class=\"elementor-container elementor-column-gap-default\">\n\t\t\t\t\t<div class=\"elementor-column elementor-col-100 elementor-top-column elementor-element elementor-element-2e21ca5\" data-id=\"2e21ca5\" data-element_type=\"column\">\n\t\t\t<div class=\"elementor-widget-wrap elementor-element-populated\">\n\t\t\t\t\t\t<div class=\"elementor-element elementor-element-0824f63 elementor-widget elementor-widget-hero-section\" data-id=\"0824f63\" data-element_type=\"widget\" data-widget_type=\"hero-section.default\">\n\t\t\t\t<div class=\"elementor-widget-container\">\n\t\t\t\t\t\n<div class=\"hero-section\">\n    <div class=\"hero-bg-desktop\" style=\"background-image:url(https:\/\/www.wattsrising.org\/wp-content\/uploads\/2023\/01\/our-impact-bg-desktop.png)\"><\/div>\n    <img decoding=\"async\" class=\"hero-bg-mobile\" src=\"https:\/\/www.wattsrising.org\/wp-content\/uploads\/2023\/01\/Group-649-9.png\"\/>\n    <div class=\"hero-content\">\n                    <h1 class=\"hero-title\">Nuestro impacto<\/h1>\n                            <p class=\"hero-description\">Un componente importante de Watts Rising Collaborative es el Grupo de Trabajo de Datos. Este grupo se encarga de dar seguimiento a las aportaciones y los resultados de los 24 proyectos de Watts Rising, para determinar c\u00f3mo ha participado el vecindario en los proyectos y si se ha logrado el impacto previsto.<\/p>\n                            <\/div>\n<\/div>\n\t\t\t\t<\/div>\n\t\t\t\t<\/div>\n\t\t\t\t\t<\/div>\n\t\t<\/div>\n\t\t\t\t\t<\/div>\n\t\t<\/section>\n\t\t\t\t<section class=\"elementor-section elementor-top-section elementor-element elementor-element-4108a53 elementor-section-boxed elementor-section-height-default elementor-section-height-default\" data-id=\"4108a53\" data-element_type=\"section\">\n\t\t\t\t\t\t<div class=\"elementor-container elementor-column-gap-default\">\n\t\t\t\t\t<div class=\"elementor-column elementor-col-50 elementor-top-column elementor-element elementor-element-6f14690\" data-id=\"6f14690\" data-element_type=\"column\">\n\t\t\t<div class=\"elementor-widget-wrap elementor-element-populated\">\n\t\t\t\t\t\t<div class=\"elementor-element elementor-element-0ec9864 elementor-widget elementor-widget-heading\" data-id=\"0ec9864\" data-element_type=\"widget\" data-widget_type=\"heading.default\">\n\t\t\t\t<div class=\"elementor-widget-container\">\n\t\t\t\t\t<h2 class=\"elementor-heading-title elementor-size-default\">Los datos funcionando<br> Grupo<\/h2>\t\t\t\t<\/div>\n\t\t\t\t<\/div>\n\t\t\t\t\t<\/div>\n\t\t<\/div>\n\t\t\t\t<div class=\"elementor-column elementor-col-50 elementor-top-column elementor-element elementor-element-ed67409\" data-id=\"ed67409\" data-element_type=\"column\">\n\t\t\t<div class=\"elementor-widget-wrap elementor-element-populated\">\n\t\t\t\t\t\t<div class=\"elementor-element elementor-element-e530de2 elementor-widget elementor-widget-text-editor\" data-id=\"e530de2\" data-element_type=\"widget\" data-widget_type=\"text-editor.default\">\n\t\t\t\t<div class=\"elementor-widget-container\">\n\t\t\t\t\t\t\t\t\t<p>El grupo de trabajo es convocado por la Universidad de Medicina y Ciencias Charles R. Drew (CDU) y la Oficina de Oportunidades Econ\u00f3micas del Alcalde (MOEO). Adem\u00e1s, HACLA participa en el grupo de trabajo, as\u00ed como la Escuela de Asuntos P\u00fablicos Luskin de UCLA, la entidad de recopilaci\u00f3n y an\u00e1lisis de datos contratada por el Consejo de Crecimiento Estrat\u00e9gico de California (SGC). Adem\u00e1s de estos socios principales, el grupo de trabajo recibe apoyo y aportaciones cruciales de los socios del proyecto, el Grupo Asesor Comunitario Watts Rising y los residentes.<\/p>\t\t\t\t\t\t\t\t<\/div>\n\t\t\t\t<\/div>\n\t\t\t\t\t<\/div>\n\t\t<\/div>\n\t\t\t\t\t<\/div>\n\t\t<\/section>\n\t\t\t\t<section class=\"elementor-section elementor-top-section elementor-element elementor-element-ef8783d elementor-section-full_width elementor-section-stretched elementor-section-height-default elementor-section-height-default\" data-id=\"ef8783d\" data-element_type=\"section\" data-settings=\"{&quot;stretch_section&quot;:&quot;section-stretched&quot;,&quot;background_background&quot;:&quot;classic&quot;}\">\n\t\t\t\t\t\t<div class=\"elementor-container elementor-column-gap-default\">\n\t\t\t\t\t<div class=\"elementor-column elementor-col-100 elementor-top-column elementor-element elementor-element-787d7cc\" data-id=\"787d7cc\" data-element_type=\"column\">\n\t\t\t<div class=\"elementor-widget-wrap elementor-element-populated\">\n\t\t\t\t\t\t<section class=\"elementor-section elementor-inner-section elementor-element elementor-element-f2f60cf elementor-section-boxed elementor-section-height-default elementor-section-height-default\" data-id=\"f2f60cf\" data-element_type=\"section\">\n\t\t\t\t\t\t<div class=\"elementor-container elementor-column-gap-default\">\n\t\t\t\t\t<div class=\"elementor-column elementor-col-25 elementor-inner-column elementor-element elementor-element-2fdc0d3\" data-id=\"2fdc0d3\" data-element_type=\"column\">\n\t\t\t<div class=\"elementor-widget-wrap elementor-element-populated\">\n\t\t\t\t\t\t<div class=\"elementor-element elementor-element-44c3675 elementor-widget elementor-widget-image\" data-id=\"44c3675\" data-element_type=\"widget\" data-widget_type=\"image.default\">\n\t\t\t\t<div class=\"elementor-widget-container\">\n\t\t\t\t\t\t\t\t\t\t\t\t\t\t\t<img decoding=\"async\" width=\"128\" height=\"110\" src=\"https:\/\/www.wattsrising.org\/wp-content\/uploads\/2023\/01\/cdu-logo.png\" class=\"attachment-full size-full wp-image-308\" alt=\"\" \/>\t\t\t\t\t\t\t\t\t\t\t\t\t\t\t<\/div>\n\t\t\t\t<\/div>\n\t\t\t\t\t<\/div>\n\t\t<\/div>\n\t\t\t\t<div class=\"elementor-column elementor-col-25 elementor-inner-column elementor-element elementor-element-6bbfa3a\" data-id=\"6bbfa3a\" data-element_type=\"column\">\n\t\t\t<div class=\"elementor-widget-wrap elementor-element-populated\">\n\t\t\t\t\t\t<div class=\"elementor-element elementor-element-0094174 elementor-widget elementor-widget-image\" data-id=\"0094174\" data-element_type=\"widget\" data-widget_type=\"image.default\">\n\t\t\t\t<div class=\"elementor-widget-container\">\n\t\t\t\t\t\t\t\t\t\t\t\t\t\t\t<img decoding=\"async\" width=\"211\" height=\"91\" src=\"https:\/\/www.wattsrising.org\/wp-content\/uploads\/2022\/11\/image-4-e1669162275611.png\" class=\"attachment-full size-full wp-image-72\" alt=\"\" \/>\t\t\t\t\t\t\t\t\t\t\t\t\t\t\t<\/div>\n\t\t\t\t<\/div>\n\t\t\t\t\t<\/div>\n\t\t<\/div>\n\t\t\t\t<div class=\"elementor-column elementor-col-25 elementor-inner-column elementor-element elementor-element-e945e9f\" data-id=\"e945e9f\" data-element_type=\"column\">\n\t\t\t<div class=\"elementor-widget-wrap elementor-element-populated\">\n\t\t\t\t\t\t<div class=\"elementor-element elementor-element-603c133 elementor-widget elementor-widget-image\" data-id=\"603c133\" data-element_type=\"widget\" data-widget_type=\"image.default\">\n\t\t\t\t<div class=\"elementor-widget-container\">\n\t\t\t\t\t\t\t\t\t\t\t\t\t\t\t<img decoding=\"async\" width=\"259\" height=\"88\" src=\"https:\/\/www.wattsrising.org\/wp-content\/uploads\/2023\/01\/ucla-luskin-logo.png\" class=\"attachment-full size-full wp-image-309\" alt=\"\" \/>\t\t\t\t\t\t\t\t\t\t\t\t\t\t\t<\/div>\n\t\t\t\t<\/div>\n\t\t\t\t\t<\/div>\n\t\t<\/div>\n\t\t\t\t<div class=\"elementor-column elementor-col-25 elementor-inner-column elementor-element elementor-element-2e944c4\" data-id=\"2e944c4\" data-element_type=\"column\">\n\t\t\t<div class=\"elementor-widget-wrap elementor-element-populated\">\n\t\t\t\t\t\t<div class=\"elementor-element elementor-element-904b4ba elementor-widget elementor-widget-image\" data-id=\"904b4ba\" data-element_type=\"widget\" data-widget_type=\"image.default\">\n\t\t\t\t<div class=\"elementor-widget-container\">\n\t\t\t\t\t\t\t\t\t\t\t\t\t\t\t<img loading=\"lazy\" decoding=\"async\" width=\"124\" height=\"124\" src=\"https:\/\/www.wattsrising.org\/wp-content\/uploads\/2023\/01\/eric-garcetti-logo-2.png\" class=\"attachment-full size-full wp-image-311\" alt=\"\" \/>\t\t\t\t\t\t\t\t\t\t\t\t\t\t\t<\/div>\n\t\t\t\t<\/div>\n\t\t\t\t\t<\/div>\n\t\t<\/div>\n\t\t\t\t\t<\/div>\n\t\t<\/section>\n\t\t\t\t\t<\/div>\n\t\t<\/div>\n\t\t\t\t\t<\/div>\n\t\t<\/section>\n\t\t\t\t<section class=\"elementor-section elementor-top-section elementor-element elementor-element-6fdde065 elementor-section-boxed elementor-section-height-default elementor-section-height-default\" data-id=\"6fdde065\" data-element_type=\"section\">\n\t\t\t\t\t\t<div class=\"elementor-container elementor-column-gap-default\">\n\t\t\t\t\t<div class=\"elementor-column elementor-col-50 elementor-top-column elementor-element elementor-element-2fd252b6\" data-id=\"2fd252b6\" data-element_type=\"column\">\n\t\t\t<div class=\"elementor-widget-wrap elementor-element-populated\">\n\t\t\t\t\t\t<div class=\"elementor-element elementor-element-6adf1e9a elementor-widget elementor-widget-heading\" data-id=\"6adf1e9a\" data-element_type=\"widget\" data-widget_type=\"heading.default\">\n\t\t\t\t<div class=\"elementor-widget-container\">\n\t\t\t\t\t<h2 class=\"elementor-heading-title elementor-size-default\">Nuestro impacto<\/h2>\t\t\t\t<\/div>\n\t\t\t\t<\/div>\n\t\t\t\t\t<\/div>\n\t\t<\/div>\n\t\t\t\t<div class=\"elementor-column elementor-col-50 elementor-top-column elementor-element elementor-element-6769998a\" data-id=\"6769998a\" data-element_type=\"column\">\n\t\t\t<div class=\"elementor-widget-wrap elementor-element-populated\">\n\t\t\t\t\t\t<section class=\"elementor-section elementor-inner-section elementor-element elementor-element-23f4eb20 elementor-section-boxed elementor-section-height-default elementor-section-height-default\" data-id=\"23f4eb20\" data-element_type=\"section\">\n\t\t\t\t\t\t<div class=\"elementor-container elementor-column-gap-default\">\n\t\t\t\t\t<div class=\"elementor-column elementor-col-50 elementor-inner-column elementor-element elementor-element-6c7e13df\" data-id=\"6c7e13df\" data-element_type=\"column\">\n\t\t\t<div class=\"elementor-widget-wrap elementor-element-populated\">\n\t\t\t\t\t\t<div class=\"elementor-element elementor-element-141b50dc elementor-widget elementor-widget-image\" data-id=\"141b50dc\" data-element_type=\"widget\" data-widget_type=\"image.default\">\n\t\t\t\t<div class=\"elementor-widget-container\">\n\t\t\t\t\t\t\t\t\t\t\t\t\t\t\t<img loading=\"lazy\" decoding=\"async\" width=\"358\" height=\"200\" src=\"https:\/\/www.wattsrising.org\/wp-content\/uploads\/2022\/12\/Our-Partners-4.png\" class=\"attachment-large size-large wp-image-174\" alt=\"\" srcset=\"https:\/\/www.wattsrising.org\/wp-content\/uploads\/2022\/12\/Our-Partners-4.png 358w, https:\/\/www.wattsrising.org\/wp-content\/uploads\/2022\/12\/Our-Partners-4-300x168.png 300w\" sizes=\"(max-width: 358px) 100vw, 358px\" \/>\t\t\t\t\t\t\t\t\t\t\t\t\t\t\t<\/div>\n\t\t\t\t<\/div>\n\t\t\t\t<div class=\"elementor-element elementor-element-41889ef1 elementor-widget elementor-widget-heading\" data-id=\"41889ef1\" data-element_type=\"widget\" data-widget_type=\"heading.default\">\n\t\t\t\t<div class=\"elementor-widget-container\">\n\t\t\t\t\t<h2 class=\"elementor-heading-title elementor-size-default\">Recopilaci\u00f3n de datos e indicadores<\/h2>\t\t\t\t<\/div>\n\t\t\t\t<\/div>\n\t\t\t\t<div class=\"elementor-element elementor-element-6fb6b92c elementor-widget elementor-widget-text-editor\" data-id=\"6fb6b92c\" data-element_type=\"widget\" data-widget_type=\"text-editor.default\">\n\t\t\t\t<div class=\"elementor-widget-container\">\n\t\t\t\t\t\t\t\t\t<p><span style=\"font-weight: 400;\">El Grupo de Trabajo de Datos recopila los datos identificados en los Planes de Seguimiento de Indicadores Finales del Consejo de Crecimiento Estrat\u00e9gico de CA (SGC) y los compilar\u00e1 de acuerdo con el Plan de Evaluaci\u00f3n de Comunidades Clim\u00e1ticas Transformadoras del SGC.<\/span><\/p>\t\t\t\t\t\t\t\t<\/div>\n\t\t\t\t<\/div>\n\t\t\t\t<div class=\"elementor-element elementor-element-846971f elementor-widget elementor-widget-html\" data-id=\"846971f\" data-element_type=\"widget\" data-widget_type=\"html.default\">\n\t\t\t\t<div class=\"elementor-widget-container\">\n\t\t\t\t\t<a href=\"\/es\/our-impact\/data-collection-and-indicators\/\" class=\"btn watts-main-button watts-button-green\">Aprende m\u00e1s<\/a>\t\t\t\t<\/div>\n\t\t\t\t<\/div>\n\t\t\t\t\t<\/div>\n\t\t<\/div>\n\t\t\t\t<div class=\"elementor-column elementor-col-50 elementor-inner-column elementor-element elementor-element-3ea6ba6b\" data-id=\"3ea6ba6b\" data-element_type=\"column\">\n\t\t\t<div class=\"elementor-widget-wrap elementor-element-populated\">\n\t\t\t\t\t\t<div class=\"elementor-element elementor-element-212c85ef elementor-widget elementor-widget-image\" data-id=\"212c85ef\" data-element_type=\"widget\" data-widget_type=\"image.default\">\n\t\t\t\t<div class=\"elementor-widget-container\">\n\t\t\t\t\t\t\t\t\t\t\t\t\t\t\t<img loading=\"lazy\" decoding=\"async\" width=\"361\" height=\"200\" src=\"https:\/\/www.wattsrising.org\/wp-content\/uploads\/2022\/12\/Our-Partners-1.png\" class=\"attachment-large size-large wp-image-176\" alt=\"\" srcset=\"https:\/\/www.wattsrising.org\/wp-content\/uploads\/2022\/12\/Our-Partners-1.png 361w, https:\/\/www.wattsrising.org\/wp-content\/uploads\/2022\/12\/Our-Partners-1-300x166.png 300w\" sizes=\"(max-width: 361px) 100vw, 361px\" \/>\t\t\t\t\t\t\t\t\t\t\t\t\t\t\t<\/div>\n\t\t\t\t<\/div>\n\t\t\t\t<div class=\"elementor-element elementor-element-6cf08e22 elementor-widget elementor-widget-heading\" data-id=\"6cf08e22\" data-element_type=\"widget\" data-widget_type=\"heading.default\">\n\t\t\t\t<div class=\"elementor-widget-container\">\n\t\t\t\t\t<h2 class=\"elementor-heading-title elementor-size-default\">Trabajos\/Secci\u00f3n 3<\/h2>\t\t\t\t<\/div>\n\t\t\t\t<\/div>\n\t\t\t\t<div class=\"elementor-element elementor-element-f56914a elementor-widget elementor-widget-text-editor\" data-id=\"f56914a\" data-element_type=\"widget\" data-widget_type=\"text-editor.default\">\n\t\t\t\t<div class=\"elementor-widget-container\">\n\t\t\t\t\t\t\t\t\t<p>Watts Rising tiene un fuerte compromiso con la creaci\u00f3n de empleos para los miembros de la comunidad Watts y al mismo tiempo incluye la Secci\u00f3n 3.<\/p>\t\t\t\t\t\t\t\t<\/div>\n\t\t\t\t<\/div>\n\t\t\t\t<div class=\"elementor-element elementor-element-4fb9200f elementor-widget elementor-widget-html\" data-id=\"4fb9200f\" data-element_type=\"widget\" data-widget_type=\"html.default\">\n\t\t\t\t<div class=\"elementor-widget-container\">\n\t\t\t\t\t<a href=\"\/es\/our-impact\/job-creation-and-section-3\/\" class=\"btn watts-main-button watts-button-green\">Aprende m\u00e1s<\/a>\t\t\t\t<\/div>\n\t\t\t\t<\/div>\n\t\t\t\t\t<\/div>\n\t\t<\/div>\n\t\t\t\t\t<\/div>\n\t\t<\/section>\n\t\t\t\t<section class=\"elementor-section elementor-inner-section elementor-element elementor-element-758b91b1 elementor-section-boxed elementor-section-height-default elementor-section-height-default\" data-id=\"758b91b1\" data-element_type=\"section\">\n\t\t\t\t\t\t<div class=\"elementor-container elementor-column-gap-default\">\n\t\t\t\t\t<div class=\"elementor-column elementor-col-50 elementor-inner-column elementor-element elementor-element-11b6de04\" data-id=\"11b6de04\" data-element_type=\"column\">\n\t\t\t<div class=\"elementor-widget-wrap elementor-element-populated\">\n\t\t\t\t\t\t<div class=\"elementor-element elementor-element-6e591b3b elementor-widget elementor-widget-image\" data-id=\"6e591b3b\" data-element_type=\"widget\" data-widget_type=\"image.default\">\n\t\t\t\t<div class=\"elementor-widget-container\">\n\t\t\t\t\t\t\t\t\t\t\t\t\t\t\t<img loading=\"lazy\" decoding=\"async\" width=\"358\" height=\"201\" src=\"https:\/\/www.wattsrising.org\/wp-content\/uploads\/2022\/12\/Our-Partners-5.png\" class=\"attachment-large size-large wp-image-178\" alt=\"\" srcset=\"https:\/\/www.wattsrising.org\/wp-content\/uploads\/2022\/12\/Our-Partners-5.png 358w, https:\/\/www.wattsrising.org\/wp-content\/uploads\/2022\/12\/Our-Partners-5-300x168.png 300w\" sizes=\"(max-width: 358px) 100vw, 358px\" \/>\t\t\t\t\t\t\t\t\t\t\t\t\t\t\t<\/div>\n\t\t\t\t<\/div>\n\t\t\t\t<div class=\"elementor-element elementor-element-1c47d6d9 elementor-widget elementor-widget-heading\" data-id=\"1c47d6d9\" data-element_type=\"widget\" data-widget_type=\"heading.default\">\n\t\t\t\t<div class=\"elementor-widget-container\">\n\t\t\t\t\t<h2 class=\"elementor-heading-title elementor-size-default\">Universidad Charles Drew, Watts Community Studio y Young Ethnographers<\/h2>\t\t\t\t<\/div>\n\t\t\t\t<\/div>\n\t\t\t\t<div class=\"elementor-element elementor-element-770c19d6 elementor-widget elementor-widget-text-editor\" data-id=\"770c19d6\" data-element_type=\"widget\" data-widget_type=\"text-editor.default\">\n\t\t\t\t<div class=\"elementor-widget-container\">\n\t\t\t\t\t\t\t\t\t<p>Adem\u00e1s de participar en el Grupo de Trabajo de Datos, la Universidad Charles Drew utiliza una cohorte de estudiantes para realizar una encuesta comunitaria para obtener conocimiento de datos cualitativos, como percepciones del vecindario y cambios en el estilo de vida, que pueden ser m\u00e1s dif\u00edciles de rastrear de otras maneras.<\/p>\t\t\t\t\t\t\t\t<\/div>\n\t\t\t\t<\/div>\n\t\t\t\t<div class=\"elementor-element elementor-element-42ee49aa elementor-widget elementor-widget-html\" data-id=\"42ee49aa\" data-element_type=\"widget\" data-widget_type=\"html.default\">\n\t\t\t\t<div class=\"elementor-widget-container\">\n\t\t\t\t\t<a href=\"\/es\/our-impact\/cdu-watts-community-yep\/\" class=\"btn watts-main-button watts-button-green\">Aprende m\u00e1s<\/a>\t\t\t\t<\/div>\n\t\t\t\t<\/div>\n\t\t\t\t\t<\/div>\n\t\t<\/div>\n\t\t\t\t<div class=\"elementor-column elementor-col-50 elementor-inner-column elementor-element elementor-element-559704f7\" data-id=\"559704f7\" data-element_type=\"column\">\n\t\t\t<div class=\"elementor-widget-wrap elementor-element-populated\">\n\t\t\t\t\t\t<div class=\"elementor-element elementor-element-37d338f5 elementor-widget elementor-widget-image\" data-id=\"37d338f5\" data-element_type=\"widget\" data-widget_type=\"image.default\">\n\t\t\t\t<div class=\"elementor-widget-container\">\n\t\t\t\t\t\t\t\t\t\t\t\t\t\t\t<img loading=\"lazy\" decoding=\"async\" width=\"361\" height=\"201\" src=\"https:\/\/www.wattsrising.org\/wp-content\/uploads\/2022\/12\/Our-Partners-3.png\" class=\"attachment-large size-large wp-image-179\" alt=\"\" srcset=\"https:\/\/www.wattsrising.org\/wp-content\/uploads\/2022\/12\/Our-Partners-3.png 361w, https:\/\/www.wattsrising.org\/wp-content\/uploads\/2022\/12\/Our-Partners-3-300x167.png 300w\" sizes=\"(max-width: 361px) 100vw, 361px\" \/>\t\t\t\t\t\t\t\t\t\t\t\t\t\t\t<\/div>\n\t\t\t\t<\/div>\n\t\t\t\t<div class=\"elementor-element elementor-element-6b607760 elementor-widget elementor-widget-heading\" data-id=\"6b607760\" data-element_type=\"widget\" data-widget_type=\"heading.default\">\n\t\t\t\t<div class=\"elementor-widget-container\">\n\t\t\t\t\t<h2 class=\"elementor-heading-title elementor-size-default\">Red de Monitoreo de la Calidad del Aire<\/h2>\t\t\t\t<\/div>\n\t\t\t\t<\/div>\n\t\t\t\t<div class=\"elementor-element elementor-element-1d58f1c6 elementor-widget elementor-widget-text-editor\" data-id=\"1d58f1c6\" data-element_type=\"widget\" data-widget_type=\"text-editor.default\">\n\t\t\t\t<div class=\"elementor-widget-container\">\n\t\t\t\t\t\t\t\t\t<p>La Red de Monitoreo de la Calidad del Aire de Watts Rising consta de 13 sensores ubicados en toda el \u00e1rea del proyecto. Esta red se desarroll\u00f3 para complementar el proyecto con informaci\u00f3n sobre la calidad del aire y surgi\u00f3 como respuesta a la demanda de los residentes de obtener m\u00e1s datos a nivel de barrio.<\/p>\t\t\t\t\t\t\t\t<\/div>\n\t\t\t\t<\/div>\n\t\t\t\t<div class=\"elementor-element elementor-element-4af3cbbc elementor-widget elementor-widget-html\" data-id=\"4af3cbbc\" data-element_type=\"widget\" data-widget_type=\"html.default\">\n\t\t\t\t<div class=\"elementor-widget-container\">\n\t\t\t\t\t<a href=\"\/es\/our-impact\/air-quality-monitoring-report\/\" class=\"btn watts-main-button watts-button-green\">Aprende m\u00e1s<\/a>\t\t\t\t<\/div>\n\t\t\t\t<\/div>\n\t\t\t\t\t<\/div>\n\t\t<\/div>\n\t\t\t\t\t<\/div>\n\t\t<\/section>\n\t\t\t\t\t<\/div>\n\t\t<\/div>\n\t\t\t\t\t<\/div>\n\t\t<\/section>\n\t\t\t\t<\/div>","protected":false},"excerpt":{"rendered":"<p>Nuestro impacto Un componente importante de Watts Rising Collaborative es el Grupo de Trabajo de Datos\u2026.<\/p>","protected":false},"author":2,"featured_media":0,"parent":0,"menu_order":0,"comment_status":"closed","ping_status":"closed","template":"","meta":{"_acf_changed":false,"footnotes":""},"class_list":["post-60","page","type-page","status-publish","hentry"],"acf":[],"jetpack_sharing_enabled":true,"_links":{"self":[{"href":"https:\/\/www.wattsrising.org\/es\/wp-json\/wp\/v2\/pages\/60","targetHints":{"allow":["GET"]}}],"collection":[{"href":"https:\/\/www.wattsrising.org\/es\/wp-json\/wp\/v2\/pages"}],"about":[{"href":"https:\/\/www.wattsrising.org\/es\/wp-json\/wp\/v2\/types\/page"}],"author":[{"embeddable":true,"href":"https:\/\/www.wattsrising.org\/es\/wp-json\/wp\/v2\/users\/2"}],"replies":[{"embeddable":true,"href":"https:\/\/www.wattsrising.org\/es\/wp-json\/wp\/v2\/comments?post=60"}],"version-history":[{"count":0,"href":"https:\/\/www.wattsrising.org\/es\/wp-json\/wp\/v2\/pages\/60\/revisions"}],"wp:attachment":[{"href":"https:\/\/www.wattsrising.org\/es\/wp-json\/wp\/v2\/media?parent=60"}],"curies":[{"name":"gracias","href":"https:\/\/api.w.org\/{rel}","templated":true}]}}