{"id":90,"date":"2022-11-24T14:06:04","date_gmt":"2022-11-24T14:06:04","guid":{"rendered":"https:\/\/www.wattsrising.org\/?page_id=90"},"modified":"2023-01-07T16:52:52","modified_gmt":"2023-01-07T16:52:52","slug":"blog","status":"publish","type":"page","link":"https:\/\/www.wattsrising.org\/es\/blog\/","title":{"rendered":"Blog"},"content":{"rendered":"<p>Hay mucho que saber y aprender sobre Watts Rising. Para profundizar un poco m\u00e1s en algunos de los incre\u00edbles trabajos que se est\u00e1n realizando, lea nuestro blog, donde aprender\u00e1 m\u00e1s sobre algunos componentes especiales de Watts Rising.<\/p>","protected":false},"excerpt":{"rendered":"<p>Hay mucho que saber y aprender sobre Watts Rising. Para bucear un poco\u2026<\/p>","protected":false},"author":2,"featured_media":91,"parent":0,"menu_order":0,"comment_status":"closed","ping_status":"closed","template":"templates\/blog.php","meta":{"_acf_changed":false,"footnotes":""},"class_list":["post-90","page","type-page","status-publish","has-post-thumbnail","hentry"],"acf":[],"jetpack_sharing_enabled":true,"_links":{"self":[{"href":"https:\/\/www.wattsrising.org\/es\/wp-json\/wp\/v2\/pages\/90","targetHints":{"allow":["GET"]}}],"collection":[{"href":"https:\/\/www.wattsrising.org\/es\/wp-json\/wp\/v2\/pages"}],"about":[{"href":"https:\/\/www.wattsrising.org\/es\/wp-json\/wp\/v2\/types\/page"}],"author":[{"embeddable":true,"href":"https:\/\/www.wattsrising.org\/es\/wp-json\/wp\/v2\/users\/2"}],"replies":[{"embeddable":true,"href":"https:\/\/www.wattsrising.org\/es\/wp-json\/wp\/v2\/comments?post=90"}],"version-history":[{"count":0,"href":"https:\/\/www.wattsrising.org\/es\/wp-json\/wp\/v2\/pages\/90\/revisions"}],"wp:featuredmedia":[{"embeddable":true,"href":"https:\/\/www.wattsrising.org\/es\/wp-json\/wp\/v2\/media\/91"}],"wp:attachment":[{"href":"https:\/\/www.wattsrising.org\/es\/wp-json\/wp\/v2\/media?parent=90"}],"curies":[{"name":"gracias","href":"https:\/\/api.w.org\/{rel}","templated":true}]}}